{"id":15492,"date":"2022-07-31T16:58:20","date_gmt":"2022-07-31T14:58:20","guid":{"rendered":"https:\/\/lesceau.fr\/?post_type=product&#038;p=15492"},"modified":"2025-02-20T08:46:00","modified_gmt":"2025-02-20T07:46:00","slug":"collier-corbeau-vegvisir","status":"publish","type":"product","link":"https:\/\/lesceau.fr\/index.php\/produit\/collier-corbeau-vegvisir\/","title":{"rendered":"Collier corbeau vegvisir"},"content":{"rendered":"<p>Collier cr\u00e2ne de corbeau en r\u00e9sine avec rune vegvisir, l\u00e9ger reflet\u00a0paillet\u00e9\u00a0vert et argent. agr\u00e9ment\u00e9 de 6 pierre en perles de tourmaline noir.<\/p>\n<p>La tourmaline noir chasse les ondes ou \u00e9nergies n\u00e9fastes, prot\u00e8ge sont porteur des ondes, \u00e9nergies ou personnes n\u00e9gatives, elle est aussi une grande aide lors de moment de vie douloureux.<\/p>\n<p>Longueur du collier: de l&rsquo;attache au bec du corbeau 28.5 cm, corbeau de 3.5 cm et perles de 6 mm<\/p>\n","protected":false},"excerpt":{"rendered":"<p>Collier cr\u00e2ne de corbeau en r\u00e9sine avec rune vegvisir, l\u00e9ger reflet\u00a0paillet\u00e9\u00a0vert et argent. agr\u00e9ment\u00e9 de 6 pierre en perles de tourmaline noir. La tourmaline noir chasse les ondes ou \u00e9nergies n\u00e9fastes, prot\u00e8ge sont porteur des ondes, \u00e9nergies ou personnes n\u00e9gatives, elle est aussi une grande aide lors de moment de vie douloureux. Longueur du collier: de l&rsquo;attache au bec du corbeau 28.5 cm, corbeau de 3.5 cm et perles de 6 mm<\/p>\n","protected":false},"featured_media":15493,"comment_status":"open","ping_status":"closed","template":"","meta":[],"product_brand":[],"product_cat":[229],"product_tag":[90,72,85,83,212,41,144],"class_list":{"0":"post-15492","1":"product","2":"type-product","3":"status-publish","4":"has-post-thumbnail","6":"product_cat-collection-mystique","7":"product_tag-bien-etre","8":"product_tag-corbeau","9":"product_tag-crane-de-corbeau","10":"product_tag-paien","11":"product_tag-pierre-fine","12":"product_tag-rune","13":"product_tag-vegvisir","15":"first","16":"outofstock","17":"sold-individually","18":"purchasable","19":"product-type-simple"},"yoast_head":"<!-- This site is optimized with the Yoast SEO plugin v27.4 - https:\/\/yoast.com\/product\/yoast-seo-wordpress\/ -->\n<title>Collier corbeau vegvisir - Le Sceau<\/title>\n<meta name=\"robots\" content=\"index, follow, max-snippet:-1, max-image-preview:large, max-video-preview:-1\" \/>\n<link rel=\"canonical\" href=\"https:\/\/lesceau.fr\/index.php\/produit\/collier-corbeau-vegvisir\/\" \/>\n<meta property=\"og:locale\" content=\"fr_FR\" \/>\n<meta property=\"og:type\" content=\"article\" \/>\n<meta property=\"og:title\" content=\"Collier corbeau vegvisir - Le Sceau\" \/>\n<meta property=\"og:description\" content=\"Collier cr\u00e2ne de corbeau en r\u00e9sine avec rune vegvisir, l\u00e9ger reflet\u00a0paillet\u00e9\u00a0vert et argent. agr\u00e9ment\u00e9 de 6 pierre en perles de tourmaline noir. La tourmaline noir chasse les ondes ou \u00e9nergies n\u00e9fastes, prot\u00e8ge sont porteur des ondes, \u00e9nergies ou personnes n\u00e9gatives, elle est aussi une grande aide lors de moment de vie douloureux. Longueur du collier: de l&rsquo;attache au bec du corbeau 28.5 cm, corbeau de 3.5 cm et perles de 6 mm\" \/>\n<meta property=\"og:url\" content=\"https:\/\/lesceau.fr\/index.php\/produit\/collier-corbeau-vegvisir\/\" \/>\n<meta property=\"og:site_name\" content=\"Le Sceau\" \/>\n<meta property=\"article:publisher\" content=\"https:\/\/www.facebook.com\/Contact.lesceau\/\" \/>\n<meta property=\"article:modified_time\" content=\"2025-02-20T07:46:00+00:00\" \/>\n<meta property=\"og:image\" content=\"https:\/\/lesceau.fr\/wp-content\/uploads\/2022\/07\/296216663_462696538698748_416163471331383569_n.jpg\" \/>\n\t<meta property=\"og:image:width\" content=\"1920\" \/>\n\t<meta property=\"og:image:height\" content=\"1440\" \/>\n\t<meta property=\"og:image:type\" content=\"image\/jpeg\" \/>\n<meta name=\"twitter:card\" content=\"summary_large_image\" \/>\n<meta name=\"twitter:label1\" content=\"Dur\u00e9e de lecture estim\u00e9e\" \/>\n\t<meta name=\"twitter:data1\" content=\"1 minute\" \/>\n<script type=\"application\/ld+json\" class=\"yoast-schema-graph\">{\"@context\":\"https:\\\/\\\/schema.org\",\"@graph\":[{\"@type\":\"WebPage\",\"@id\":\"https:\\\/\\\/lesceau.fr\\\/index.php\\\/produit\\\/collier-corbeau-vegvisir\\\/\",\"url\":\"https:\\\/\\\/lesceau.fr\\\/index.php\\\/produit\\\/collier-corbeau-vegvisir\\\/\",\"name\":\"Collier corbeau vegvisir - Le Sceau\",\"isPartOf\":{\"@id\":\"https:\\\/\\\/lesceau.fr\\\/#website\"},\"primaryImageOfPage\":{\"@id\":\"https:\\\/\\\/lesceau.fr\\\/index.php\\\/produit\\\/collier-corbeau-vegvisir\\\/#primaryimage\"},\"image\":{\"@id\":\"https:\\\/\\\/lesceau.fr\\\/index.php\\\/produit\\\/collier-corbeau-vegvisir\\\/#primaryimage\"},\"thumbnailUrl\":\"https:\\\/\\\/lesceau.fr\\\/wp-content\\\/uploads\\\/2022\\\/07\\\/296216663_462696538698748_416163471331383569_n.jpg\",\"datePublished\":\"2022-07-31T14:58:20+00:00\",\"dateModified\":\"2025-02-20T07:46:00+00:00\",\"breadcrumb\":{\"@id\":\"https:\\\/\\\/lesceau.fr\\\/index.php\\\/produit\\\/collier-corbeau-vegvisir\\\/#breadcrumb\"},\"inLanguage\":\"fr-FR\",\"potentialAction\":[{\"@type\":\"ReadAction\",\"target\":[\"https:\\\/\\\/lesceau.fr\\\/index.php\\\/produit\\\/collier-corbeau-vegvisir\\\/\"]}]},{\"@type\":\"ImageObject\",\"inLanguage\":\"fr-FR\",\"@id\":\"https:\\\/\\\/lesceau.fr\\\/index.php\\\/produit\\\/collier-corbeau-vegvisir\\\/#primaryimage\",\"url\":\"https:\\\/\\\/lesceau.fr\\\/wp-content\\\/uploads\\\/2022\\\/07\\\/296216663_462696538698748_416163471331383569_n.jpg\",\"contentUrl\":\"https:\\\/\\\/lesceau.fr\\\/wp-content\\\/uploads\\\/2022\\\/07\\\/296216663_462696538698748_416163471331383569_n.jpg\",\"width\":1920,\"height\":1440},{\"@type\":\"BreadcrumbList\",\"@id\":\"https:\\\/\\\/lesceau.fr\\\/index.php\\\/produit\\\/collier-corbeau-vegvisir\\\/#breadcrumb\",\"itemListElement\":[{\"@type\":\"ListItem\",\"position\":1,\"name\":\"Accueil\",\"item\":\"https:\\\/\\\/lesceau.fr\\\/\"},{\"@type\":\"ListItem\",\"position\":2,\"name\":\"Boutique\",\"item\":\"https:\\\/\\\/lesceau.fr\\\/index.php\\\/boutique\\\/\"},{\"@type\":\"ListItem\",\"position\":3,\"name\":\"Collier corbeau vegvisir\"}]},{\"@type\":\"WebSite\",\"@id\":\"https:\\\/\\\/lesceau.fr\\\/#website\",\"url\":\"https:\\\/\\\/lesceau.fr\\\/\",\"name\":\"Le Sceau\",\"description\":\"Animations \u00e0 th\u00e8mes\",\"publisher\":{\"@id\":\"https:\\\/\\\/lesceau.fr\\\/#organization\"},\"alternateName\":\"Le sceau Animations\",\"potentialAction\":[{\"@type\":\"SearchAction\",\"target\":{\"@type\":\"EntryPoint\",\"urlTemplate\":\"https:\\\/\\\/lesceau.fr\\\/?s={search_term_string}\"},\"query-input\":{\"@type\":\"PropertyValueSpecification\",\"valueRequired\":true,\"valueName\":\"search_term_string\"}}],\"inLanguage\":\"fr-FR\"},{\"@type\":\"Organization\",\"@id\":\"https:\\\/\\\/lesceau.fr\\\/#organization\",\"name\":\"Le Sceau\",\"alternateName\":\"Le sceau animations\",\"url\":\"https:\\\/\\\/lesceau.fr\\\/\",\"logo\":{\"@type\":\"ImageObject\",\"inLanguage\":\"fr-FR\",\"@id\":\"https:\\\/\\\/lesceau.fr\\\/#\\\/schema\\\/logo\\\/image\\\/\",\"url\":\"https:\\\/\\\/lesceau.fr\\\/wp-content\\\/uploads\\\/2019\\\/03\\\/cropped-ESSAI-5.jpg\",\"contentUrl\":\"https:\\\/\\\/lesceau.fr\\\/wp-content\\\/uploads\\\/2019\\\/03\\\/cropped-ESSAI-5.jpg\",\"width\":412,\"height\":416,\"caption\":\"Le Sceau\"},\"image\":{\"@id\":\"https:\\\/\\\/lesceau.fr\\\/#\\\/schema\\\/logo\\\/image\\\/\"},\"sameAs\":[\"https:\\\/\\\/www.facebook.com\\\/Contact.lesceau\\\/\",\"https:\\\/\\\/instagram.com\\\/le.sceau?igshid=1nvgr38nzar\"]}]}<\/script>\n<!-- \/ Yoast SEO plugin. -->","yoast_head_json":{"title":"Collier corbeau vegvisir - Le Sceau","robots":{"index":"index","follow":"follow","max-snippet":"max-snippet:-1","max-image-preview":"max-image-preview:large","max-video-preview":"max-video-preview:-1"},"canonical":"https:\/\/lesceau.fr\/index.php\/produit\/collier-corbeau-vegvisir\/","og_locale":"fr_FR","og_type":"article","og_title":"Collier corbeau vegvisir - Le Sceau","og_description":"Collier cr\u00e2ne de corbeau en r\u00e9sine avec rune vegvisir, l\u00e9ger reflet\u00a0paillet\u00e9\u00a0vert et argent. agr\u00e9ment\u00e9 de 6 pierre en perles de tourmaline noir. La tourmaline noir chasse les ondes ou \u00e9nergies n\u00e9fastes, prot\u00e8ge sont porteur des ondes, \u00e9nergies ou personnes n\u00e9gatives, elle est aussi une grande aide lors de moment de vie douloureux. Longueur du collier: de l&rsquo;attache au bec du corbeau 28.5 cm, corbeau de 3.5 cm et perles de 6 mm","og_url":"https:\/\/lesceau.fr\/index.php\/produit\/collier-corbeau-vegvisir\/","og_site_name":"Le Sceau","article_publisher":"https:\/\/www.facebook.com\/Contact.lesceau\/","article_modified_time":"2025-02-20T07:46:00+00:00","og_image":[{"width":1920,"height":1440,"url":"https:\/\/lesceau.fr\/wp-content\/uploads\/2022\/07\/296216663_462696538698748_416163471331383569_n.jpg","type":"image\/jpeg"}],"twitter_card":"summary_large_image","twitter_misc":{"Dur\u00e9e de lecture estim\u00e9e":"1 minute"},"schema":{"@context":"https:\/\/schema.org","@graph":[{"@type":"WebPage","@id":"https:\/\/lesceau.fr\/index.php\/produit\/collier-corbeau-vegvisir\/","url":"https:\/\/lesceau.fr\/index.php\/produit\/collier-corbeau-vegvisir\/","name":"Collier corbeau vegvisir - Le Sceau","isPartOf":{"@id":"https:\/\/lesceau.fr\/#website"},"primaryImageOfPage":{"@id":"https:\/\/lesceau.fr\/index.php\/produit\/collier-corbeau-vegvisir\/#primaryimage"},"image":{"@id":"https:\/\/lesceau.fr\/index.php\/produit\/collier-corbeau-vegvisir\/#primaryimage"},"thumbnailUrl":"https:\/\/lesceau.fr\/wp-content\/uploads\/2022\/07\/296216663_462696538698748_416163471331383569_n.jpg","datePublished":"2022-07-31T14:58:20+00:00","dateModified":"2025-02-20T07:46:00+00:00","breadcrumb":{"@id":"https:\/\/lesceau.fr\/index.php\/produit\/collier-corbeau-vegvisir\/#breadcrumb"},"inLanguage":"fr-FR","potentialAction":[{"@type":"ReadAction","target":["https:\/\/lesceau.fr\/index.php\/produit\/collier-corbeau-vegvisir\/"]}]},{"@type":"ImageObject","inLanguage":"fr-FR","@id":"https:\/\/lesceau.fr\/index.php\/produit\/collier-corbeau-vegvisir\/#primaryimage","url":"https:\/\/lesceau.fr\/wp-content\/uploads\/2022\/07\/296216663_462696538698748_416163471331383569_n.jpg","contentUrl":"https:\/\/lesceau.fr\/wp-content\/uploads\/2022\/07\/296216663_462696538698748_416163471331383569_n.jpg","width":1920,"height":1440},{"@type":"BreadcrumbList","@id":"https:\/\/lesceau.fr\/index.php\/produit\/collier-corbeau-vegvisir\/#breadcrumb","itemListElement":[{"@type":"ListItem","position":1,"name":"Accueil","item":"https:\/\/lesceau.fr\/"},{"@type":"ListItem","position":2,"name":"Boutique","item":"https:\/\/lesceau.fr\/index.php\/boutique\/"},{"@type":"ListItem","position":3,"name":"Collier corbeau vegvisir"}]},{"@type":"WebSite","@id":"https:\/\/lesceau.fr\/#website","url":"https:\/\/lesceau.fr\/","name":"Le Sceau","description":"Animations \u00e0 th\u00e8mes","publisher":{"@id":"https:\/\/lesceau.fr\/#organization"},"alternateName":"Le sceau Animations","potentialAction":[{"@type":"SearchAction","target":{"@type":"EntryPoint","urlTemplate":"https:\/\/lesceau.fr\/?s={search_term_string}"},"query-input":{"@type":"PropertyValueSpecification","valueRequired":true,"valueName":"search_term_string"}}],"inLanguage":"fr-FR"},{"@type":"Organization","@id":"https:\/\/lesceau.fr\/#organization","name":"Le Sceau","alternateName":"Le sceau animations","url":"https:\/\/lesceau.fr\/","logo":{"@type":"ImageObject","inLanguage":"fr-FR","@id":"https:\/\/lesceau.fr\/#\/schema\/logo\/image\/","url":"https:\/\/lesceau.fr\/wp-content\/uploads\/2019\/03\/cropped-ESSAI-5.jpg","contentUrl":"https:\/\/lesceau.fr\/wp-content\/uploads\/2019\/03\/cropped-ESSAI-5.jpg","width":412,"height":416,"caption":"Le Sceau"},"image":{"@id":"https:\/\/lesceau.fr\/#\/schema\/logo\/image\/"},"sameAs":["https:\/\/www.facebook.com\/Contact.lesceau\/","https:\/\/instagram.com\/le.sceau?igshid=1nvgr38nzar"]}]}},"_links":{"self":[{"href":"https:\/\/lesceau.fr\/index.php\/wp-json\/wp\/v2\/product\/15492","targetHints":{"allow":["GET"]}}],"collection":[{"href":"https:\/\/lesceau.fr\/index.php\/wp-json\/wp\/v2\/product"}],"about":[{"href":"https:\/\/lesceau.fr\/index.php\/wp-json\/wp\/v2\/types\/product"}],"replies":[{"embeddable":true,"href":"https:\/\/lesceau.fr\/index.php\/wp-json\/wp\/v2\/comments?post=15492"}],"wp:featuredmedia":[{"embeddable":true,"href":"https:\/\/lesceau.fr\/index.php\/wp-json\/wp\/v2\/media\/15493"}],"wp:attachment":[{"href":"https:\/\/lesceau.fr\/index.php\/wp-json\/wp\/v2\/media?parent=15492"}],"wp:term":[{"taxonomy":"product_brand","embeddable":true,"href":"https:\/\/lesceau.fr\/index.php\/wp-json\/wp\/v2\/product_brand?post=15492"},{"taxonomy":"product_cat","embeddable":true,"href":"https:\/\/lesceau.fr\/index.php\/wp-json\/wp\/v2\/product_cat?post=15492"},{"taxonomy":"product_tag","embeddable":true,"href":"https:\/\/lesceau.fr\/index.php\/wp-json\/wp\/v2\/product_tag?post=15492"}],"curies":[{"name":"wp","href":"https:\/\/api.w.org\/{rel}","templated":true}]}}