{"id":15444,"date":"2022-05-17T19:39:05","date_gmt":"2022-05-17T17:39:05","guid":{"rendered":"https:\/\/lesceau.fr\/?post_type=product&#038;p=15444"},"modified":"2024-03-27T09:06:40","modified_gmt":"2024-03-27T08:06:40","slug":"luna","status":"publish","type":"product","link":"https:\/\/lesceau.fr\/index.php\/produit\/luna\/","title":{"rendered":"Luna"},"content":{"rendered":"<p>Pendentif \u00ab\u00a0Luna\u00a0\u00bb agr\u00e9ment\u00e9 de perle v\u00e9ritable.<\/p>\n<p>Pierre au choix :<\/p>\n<p>Lapis lazuli, Cornaline, \u0152il de tigre, Obsidienne, Quartz rose, Quartz, Am\u00e9thyste<\/p>\n<p>Chaque pierre est unique et ne correspondra peut \u00eatre pas exactement \u00e0 la photo, n&rsquo;h\u00e9sitez pas \u00e0 demander une photo avant envoi du pendentif<\/p>\n<p>Taille de la lune : 3.7 cm<\/p>\n<p>Perle de 8 mm<\/p>\n<p>Chainette r\u00e9glable de 20 cm<\/p>\n<p>&nbsp;<\/p>\n","protected":false},"excerpt":{"rendered":"<p>Pendentif \u00ab\u00a0Luna\u00a0\u00bb agr\u00e9ment\u00e9 de perle v\u00e9ritable. Pierre au choix : Lapis lazuli, Cornaline, \u0152il de tigre, Obsidienne, Quartz rose, Quartz, Am\u00e9thyste Chaque pierre est unique et ne correspondra peut \u00eatre pas exactement \u00e0 la photo, n&rsquo;h\u00e9sitez pas \u00e0 demander une photo avant envoi du pendentif Taille de la lune : 3.7 cm Perle de 8 mm Chainette r\u00e9glable de 20 cm &nbsp;<\/p>\n","protected":false},"featured_media":15446,"comment_status":"open","ping_status":"closed","template":"","meta":[],"product_brand":[],"product_cat":[242],"product_tag":[193,90,198,149,201,218,81,199,161,160,206,216,186],"class_list":{"0":"post-15444","1":"product","2":"type-product","3":"status-publish","4":"has-post-thumbnail","6":"product_cat-collection-luna","7":"product_tag-amethyste","8":"product_tag-bien-etre","9":"product_tag-cornaline","10":"product_tag-feerique","11":"product_tag-lapis-lazuli","12":"product_tag-luna","13":"product_tag-lune","14":"product_tag-obsidienne","15":"product_tag-oeil-de-tigre","16":"product_tag-pierre","17":"product_tag-quartz","18":"product_tag-quartz-rose","19":"product_tag-semi-precieuse","21":"first","22":"instock","23":"purchasable","24":"product-type-variable"},"yoast_head":"<!-- This site is optimized with the Yoast SEO plugin v27.4 - https:\/\/yoast.com\/product\/yoast-seo-wordpress\/ -->\n<title>Luna - Le Sceau<\/title>\n<meta name=\"robots\" content=\"index, follow, max-snippet:-1, max-image-preview:large, max-video-preview:-1\" \/>\n<link rel=\"canonical\" href=\"https:\/\/lesceau.fr\/index.php\/produit\/luna\/\" \/>\n<meta property=\"og:locale\" content=\"fr_FR\" \/>\n<meta property=\"og:type\" content=\"article\" \/>\n<meta property=\"og:title\" content=\"Luna - Le Sceau\" \/>\n<meta property=\"og:description\" content=\"Pendentif \u00ab\u00a0Luna\u00a0\u00bb agr\u00e9ment\u00e9 de perle v\u00e9ritable. Pierre au choix : Lapis lazuli, Cornaline, \u0152il de tigre, Obsidienne, Quartz rose, Quartz, Am\u00e9thyste Chaque pierre est unique et ne correspondra peut \u00eatre pas exactement \u00e0 la photo, n&rsquo;h\u00e9sitez pas \u00e0 demander une photo avant envoi du pendentif Taille de la lune : 3.7 cm Perle de 8 mm Chainette r\u00e9glable de 20 cm &nbsp;\" \/>\n<meta property=\"og:url\" content=\"https:\/\/lesceau.fr\/index.php\/produit\/luna\/\" \/>\n<meta property=\"og:site_name\" content=\"Le Sceau\" \/>\n<meta property=\"article:publisher\" content=\"https:\/\/www.facebook.com\/Contact.lesceau\/\" \/>\n<meta property=\"article:modified_time\" content=\"2024-03-27T08:06:40+00:00\" \/>\n<meta property=\"og:image\" content=\"https:\/\/lesceau.fr\/wp-content\/uploads\/2022\/05\/Amethyste2.1.jpg\" \/>\n\t<meta property=\"og:image:width\" content=\"427\" \/>\n\t<meta property=\"og:image:height\" content=\"612\" \/>\n\t<meta property=\"og:image:type\" content=\"image\/jpeg\" \/>\n<meta name=\"twitter:card\" content=\"summary_large_image\" \/>\n<meta name=\"twitter:label1\" content=\"Dur\u00e9e de lecture estim\u00e9e\" \/>\n\t<meta name=\"twitter:data1\" content=\"1 minute\" \/>\n<script type=\"application\/ld+json\" class=\"yoast-schema-graph\">{\"@context\":\"https:\\\/\\\/schema.org\",\"@graph\":[{\"@type\":\"WebPage\",\"@id\":\"https:\\\/\\\/lesceau.fr\\\/index.php\\\/produit\\\/luna\\\/\",\"url\":\"https:\\\/\\\/lesceau.fr\\\/index.php\\\/produit\\\/luna\\\/\",\"name\":\"Luna - Le Sceau\",\"isPartOf\":{\"@id\":\"https:\\\/\\\/lesceau.fr\\\/#website\"},\"primaryImageOfPage\":{\"@id\":\"https:\\\/\\\/lesceau.fr\\\/index.php\\\/produit\\\/luna\\\/#primaryimage\"},\"image\":{\"@id\":\"https:\\\/\\\/lesceau.fr\\\/index.php\\\/produit\\\/luna\\\/#primaryimage\"},\"thumbnailUrl\":\"https:\\\/\\\/lesceau.fr\\\/wp-content\\\/uploads\\\/2022\\\/05\\\/Amethyste2.1.jpg\",\"datePublished\":\"2022-05-17T17:39:05+00:00\",\"dateModified\":\"2024-03-27T08:06:40+00:00\",\"breadcrumb\":{\"@id\":\"https:\\\/\\\/lesceau.fr\\\/index.php\\\/produit\\\/luna\\\/#breadcrumb\"},\"inLanguage\":\"fr-FR\",\"potentialAction\":[{\"@type\":\"ReadAction\",\"target\":[\"https:\\\/\\\/lesceau.fr\\\/index.php\\\/produit\\\/luna\\\/\"]}]},{\"@type\":\"ImageObject\",\"inLanguage\":\"fr-FR\",\"@id\":\"https:\\\/\\\/lesceau.fr\\\/index.php\\\/produit\\\/luna\\\/#primaryimage\",\"url\":\"https:\\\/\\\/lesceau.fr\\\/wp-content\\\/uploads\\\/2022\\\/05\\\/Amethyste2.1.jpg\",\"contentUrl\":\"https:\\\/\\\/lesceau.fr\\\/wp-content\\\/uploads\\\/2022\\\/05\\\/Amethyste2.1.jpg\",\"width\":427,\"height\":612},{\"@type\":\"BreadcrumbList\",\"@id\":\"https:\\\/\\\/lesceau.fr\\\/index.php\\\/produit\\\/luna\\\/#breadcrumb\",\"itemListElement\":[{\"@type\":\"ListItem\",\"position\":1,\"name\":\"Accueil\",\"item\":\"https:\\\/\\\/lesceau.fr\\\/\"},{\"@type\":\"ListItem\",\"position\":2,\"name\":\"Boutique\",\"item\":\"https:\\\/\\\/lesceau.fr\\\/index.php\\\/boutique\\\/\"},{\"@type\":\"ListItem\",\"position\":3,\"name\":\"Luna\"}]},{\"@type\":\"WebSite\",\"@id\":\"https:\\\/\\\/lesceau.fr\\\/#website\",\"url\":\"https:\\\/\\\/lesceau.fr\\\/\",\"name\":\"Le Sceau\",\"description\":\"Animations \u00e0 th\u00e8mes\",\"publisher\":{\"@id\":\"https:\\\/\\\/lesceau.fr\\\/#organization\"},\"alternateName\":\"Le sceau Animations\",\"potentialAction\":[{\"@type\":\"SearchAction\",\"target\":{\"@type\":\"EntryPoint\",\"urlTemplate\":\"https:\\\/\\\/lesceau.fr\\\/?s={search_term_string}\"},\"query-input\":{\"@type\":\"PropertyValueSpecification\",\"valueRequired\":true,\"valueName\":\"search_term_string\"}}],\"inLanguage\":\"fr-FR\"},{\"@type\":\"Organization\",\"@id\":\"https:\\\/\\\/lesceau.fr\\\/#organization\",\"name\":\"Le Sceau\",\"alternateName\":\"Le sceau animations\",\"url\":\"https:\\\/\\\/lesceau.fr\\\/\",\"logo\":{\"@type\":\"ImageObject\",\"inLanguage\":\"fr-FR\",\"@id\":\"https:\\\/\\\/lesceau.fr\\\/#\\\/schema\\\/logo\\\/image\\\/\",\"url\":\"https:\\\/\\\/lesceau.fr\\\/wp-content\\\/uploads\\\/2019\\\/03\\\/cropped-ESSAI-5.jpg\",\"contentUrl\":\"https:\\\/\\\/lesceau.fr\\\/wp-content\\\/uploads\\\/2019\\\/03\\\/cropped-ESSAI-5.jpg\",\"width\":412,\"height\":416,\"caption\":\"Le Sceau\"},\"image\":{\"@id\":\"https:\\\/\\\/lesceau.fr\\\/#\\\/schema\\\/logo\\\/image\\\/\"},\"sameAs\":[\"https:\\\/\\\/www.facebook.com\\\/Contact.lesceau\\\/\",\"https:\\\/\\\/instagram.com\\\/le.sceau?igshid=1nvgr38nzar\"]}]}<\/script>\n<!-- \/ Yoast SEO plugin. -->","yoast_head_json":{"title":"Luna - Le Sceau","robots":{"index":"index","follow":"follow","max-snippet":"max-snippet:-1","max-image-preview":"max-image-preview:large","max-video-preview":"max-video-preview:-1"},"canonical":"https:\/\/lesceau.fr\/index.php\/produit\/luna\/","og_locale":"fr_FR","og_type":"article","og_title":"Luna - Le Sceau","og_description":"Pendentif \u00ab\u00a0Luna\u00a0\u00bb agr\u00e9ment\u00e9 de perle v\u00e9ritable. Pierre au choix : Lapis lazuli, Cornaline, \u0152il de tigre, Obsidienne, Quartz rose, Quartz, Am\u00e9thyste Chaque pierre est unique et ne correspondra peut \u00eatre pas exactement \u00e0 la photo, n&rsquo;h\u00e9sitez pas \u00e0 demander une photo avant envoi du pendentif Taille de la lune : 3.7 cm Perle de 8 mm Chainette r\u00e9glable de 20 cm &nbsp;","og_url":"https:\/\/lesceau.fr\/index.php\/produit\/luna\/","og_site_name":"Le Sceau","article_publisher":"https:\/\/www.facebook.com\/Contact.lesceau\/","article_modified_time":"2024-03-27T08:06:40+00:00","og_image":[{"width":427,"height":612,"url":"https:\/\/lesceau.fr\/wp-content\/uploads\/2022\/05\/Amethyste2.1.jpg","type":"image\/jpeg"}],"twitter_card":"summary_large_image","twitter_misc":{"Dur\u00e9e de lecture estim\u00e9e":"1 minute"},"schema":{"@context":"https:\/\/schema.org","@graph":[{"@type":"WebPage","@id":"https:\/\/lesceau.fr\/index.php\/produit\/luna\/","url":"https:\/\/lesceau.fr\/index.php\/produit\/luna\/","name":"Luna - Le Sceau","isPartOf":{"@id":"https:\/\/lesceau.fr\/#website"},"primaryImageOfPage":{"@id":"https:\/\/lesceau.fr\/index.php\/produit\/luna\/#primaryimage"},"image":{"@id":"https:\/\/lesceau.fr\/index.php\/produit\/luna\/#primaryimage"},"thumbnailUrl":"https:\/\/lesceau.fr\/wp-content\/uploads\/2022\/05\/Amethyste2.1.jpg","datePublished":"2022-05-17T17:39:05+00:00","dateModified":"2024-03-27T08:06:40+00:00","breadcrumb":{"@id":"https:\/\/lesceau.fr\/index.php\/produit\/luna\/#breadcrumb"},"inLanguage":"fr-FR","potentialAction":[{"@type":"ReadAction","target":["https:\/\/lesceau.fr\/index.php\/produit\/luna\/"]}]},{"@type":"ImageObject","inLanguage":"fr-FR","@id":"https:\/\/lesceau.fr\/index.php\/produit\/luna\/#primaryimage","url":"https:\/\/lesceau.fr\/wp-content\/uploads\/2022\/05\/Amethyste2.1.jpg","contentUrl":"https:\/\/lesceau.fr\/wp-content\/uploads\/2022\/05\/Amethyste2.1.jpg","width":427,"height":612},{"@type":"BreadcrumbList","@id":"https:\/\/lesceau.fr\/index.php\/produit\/luna\/#breadcrumb","itemListElement":[{"@type":"ListItem","position":1,"name":"Accueil","item":"https:\/\/lesceau.fr\/"},{"@type":"ListItem","position":2,"name":"Boutique","item":"https:\/\/lesceau.fr\/index.php\/boutique\/"},{"@type":"ListItem","position":3,"name":"Luna"}]},{"@type":"WebSite","@id":"https:\/\/lesceau.fr\/#website","url":"https:\/\/lesceau.fr\/","name":"Le Sceau","description":"Animations \u00e0 th\u00e8mes","publisher":{"@id":"https:\/\/lesceau.fr\/#organization"},"alternateName":"Le sceau Animations","potentialAction":[{"@type":"SearchAction","target":{"@type":"EntryPoint","urlTemplate":"https:\/\/lesceau.fr\/?s={search_term_string}"},"query-input":{"@type":"PropertyValueSpecification","valueRequired":true,"valueName":"search_term_string"}}],"inLanguage":"fr-FR"},{"@type":"Organization","@id":"https:\/\/lesceau.fr\/#organization","name":"Le Sceau","alternateName":"Le sceau animations","url":"https:\/\/lesceau.fr\/","logo":{"@type":"ImageObject","inLanguage":"fr-FR","@id":"https:\/\/lesceau.fr\/#\/schema\/logo\/image\/","url":"https:\/\/lesceau.fr\/wp-content\/uploads\/2019\/03\/cropped-ESSAI-5.jpg","contentUrl":"https:\/\/lesceau.fr\/wp-content\/uploads\/2019\/03\/cropped-ESSAI-5.jpg","width":412,"height":416,"caption":"Le Sceau"},"image":{"@id":"https:\/\/lesceau.fr\/#\/schema\/logo\/image\/"},"sameAs":["https:\/\/www.facebook.com\/Contact.lesceau\/","https:\/\/instagram.com\/le.sceau?igshid=1nvgr38nzar"]}]}},"_links":{"self":[{"href":"https:\/\/lesceau.fr\/index.php\/wp-json\/wp\/v2\/product\/15444","targetHints":{"allow":["GET"]}}],"collection":[{"href":"https:\/\/lesceau.fr\/index.php\/wp-json\/wp\/v2\/product"}],"about":[{"href":"https:\/\/lesceau.fr\/index.php\/wp-json\/wp\/v2\/types\/product"}],"replies":[{"embeddable":true,"href":"https:\/\/lesceau.fr\/index.php\/wp-json\/wp\/v2\/comments?post=15444"}],"wp:featuredmedia":[{"embeddable":true,"href":"https:\/\/lesceau.fr\/index.php\/wp-json\/wp\/v2\/media\/15446"}],"wp:attachment":[{"href":"https:\/\/lesceau.fr\/index.php\/wp-json\/wp\/v2\/media?parent=15444"}],"wp:term":[{"taxonomy":"product_brand","embeddable":true,"href":"https:\/\/lesceau.fr\/index.php\/wp-json\/wp\/v2\/product_brand?post=15444"},{"taxonomy":"product_cat","embeddable":true,"href":"https:\/\/lesceau.fr\/index.php\/wp-json\/wp\/v2\/product_cat?post=15444"},{"taxonomy":"product_tag","embeddable":true,"href":"https:\/\/lesceau.fr\/index.php\/wp-json\/wp\/v2\/product_tag?post=15444"}],"curies":[{"name":"wp","href":"https:\/\/api.w.org\/{rel}","templated":true}]}}