{"id":15120,"date":"2021-02-18T10:06:23","date_gmt":"2021-02-18T09:06:23","guid":{"rendered":"https:\/\/lesceau.fr\/?post_type=product&#038;p=15120"},"modified":"2024-03-21T10:38:44","modified_gmt":"2024-03-21T09:38:44","slug":"la-collection-vegvisir","status":"publish","type":"product","link":"https:\/\/lesceau.fr\/index.php\/produit\/la-collection-vegvisir\/","title":{"rendered":"La collection \u00ab\u00a0vegvisir\u00a0\u00bb"},"content":{"rendered":"<p>Pendentif en r\u00e9sine teint\u00e9 repr\u00e9sentant un crane de corbeau avec la rune vegvisir grav\u00e9 sur le sommet du crane.<br \/>\n La rune vegvisir est une rune de protection plus sp\u00e9cifiquement de guidage. En effet elle permettais \u00e0 tout voyageur qui la portait de ce guider et retrouver leurs chemin par tout temps.<\/p>\n<p>Il est mont\u00e9 sur un cordon cir\u00e9 r\u00e9glable gr\u00e2ce \u00e0 sa cha\u00eenette<\/p>\n<p>Longueur du pendentif environ 4 cm.<\/p>\n<p>Longueur du collier de 27 cm \u00e0 30 cm.<\/p>\n","protected":false},"excerpt":{"rendered":"<p>Pendentif en r\u00e9sine teint\u00e9 repr\u00e9sentant un crane de corbeau avec la rune vegvisir grav\u00e9 sur le sommet du crane. La rune vegvisir est une rune de protection plus sp\u00e9cifiquement de guidage. En effet elle permettais \u00e0 tout voyageur qui la portait de ce guider et retrouver leurs chemin par tout temps. Il est mont\u00e9 sur un cordon cir\u00e9 r\u00e9glable gr\u00e2ce \u00e0 sa cha\u00eenette Longueur du pendentif environ 4 cm. Longueur du collier de 27 cm [&hellip;]<\/p>\n","protected":false},"featured_media":15122,"comment_status":"open","ping_status":"closed","template":"","meta":[],"product_brand":[],"product_cat":[248],"product_tag":[72,84,85,23,74,83,24,41,145,144,44,143],"class_list":{"0":"post-15120","1":"product","2":"type-product","3":"status-publish","4":"has-post-thumbnail","6":"product_cat-pagan","7":"product_tag-corbeau","8":"product_tag-crane","9":"product_tag-crane-de-corbeau","10":"product_tag-medieval","11":"product_tag-pagan","12":"product_tag-paien","13":"product_tag-resine","14":"product_tag-rune","15":"product_tag-rune-de-protection","16":"product_tag-vegvisir","17":"product_tag-viking","18":"product_tag-vikingar","20":"first","21":"outofstock","22":"purchasable","23":"product-type-simple"},"yoast_head":"<!-- This site is optimized with the Yoast SEO plugin v27.4 - https:\/\/yoast.com\/product\/yoast-seo-wordpress\/ -->\n<title>La collection &quot;vegvisir&quot; - Le Sceau<\/title>\n<meta name=\"robots\" content=\"index, follow, max-snippet:-1, max-image-preview:large, max-video-preview:-1\" \/>\n<link rel=\"canonical\" href=\"https:\/\/lesceau.fr\/index.php\/produit\/la-collection-vegvisir\/\" \/>\n<meta property=\"og:locale\" content=\"fr_FR\" \/>\n<meta property=\"og:type\" content=\"article\" \/>\n<meta property=\"og:title\" content=\"La collection &quot;vegvisir&quot; - Le Sceau\" \/>\n<meta property=\"og:description\" content=\"Pendentif en r\u00e9sine teint\u00e9 repr\u00e9sentant un crane de corbeau avec la rune vegvisir grav\u00e9 sur le sommet du crane. La rune vegvisir est une rune de protection plus sp\u00e9cifiquement de guidage. En effet elle permettais \u00e0 tout voyageur qui la portait de ce guider et retrouver leurs chemin par tout temps. Il est mont\u00e9 sur un cordon cir\u00e9 r\u00e9glable gr\u00e2ce \u00e0 sa cha\u00eenette Longueur du pendentif environ 4 cm. Longueur du collier de 27 cm [&hellip;]\" \/>\n<meta property=\"og:url\" content=\"https:\/\/lesceau.fr\/index.php\/produit\/la-collection-vegvisir\/\" \/>\n<meta property=\"og:site_name\" content=\"Le Sceau\" \/>\n<meta property=\"article:publisher\" content=\"https:\/\/www.facebook.com\/Contact.lesceau\/\" \/>\n<meta property=\"article:modified_time\" content=\"2024-03-21T09:38:44+00:00\" \/>\n<meta property=\"og:image\" content=\"https:\/\/lesceau.fr\/wp-content\/uploads\/2021\/02\/151758369_5412558458761763_2795904764274135391_n-1-rotated.jpg\" \/>\n\t<meta property=\"og:image:width\" content=\"1440\" \/>\n\t<meta property=\"og:image:height\" content=\"1920\" \/>\n\t<meta property=\"og:image:type\" content=\"image\/jpeg\" \/>\n<meta name=\"twitter:card\" content=\"summary_large_image\" \/>\n<script type=\"application\/ld+json\" class=\"yoast-schema-graph\">{\"@context\":\"https:\\\/\\\/schema.org\",\"@graph\":[{\"@type\":\"WebPage\",\"@id\":\"https:\\\/\\\/lesceau.fr\\\/index.php\\\/produit\\\/la-collection-vegvisir\\\/\",\"url\":\"https:\\\/\\\/lesceau.fr\\\/index.php\\\/produit\\\/la-collection-vegvisir\\\/\",\"name\":\"La collection \\\"vegvisir\\\" - Le Sceau\",\"isPartOf\":{\"@id\":\"https:\\\/\\\/lesceau.fr\\\/#website\"},\"primaryImageOfPage\":{\"@id\":\"https:\\\/\\\/lesceau.fr\\\/index.php\\\/produit\\\/la-collection-vegvisir\\\/#primaryimage\"},\"image\":{\"@id\":\"https:\\\/\\\/lesceau.fr\\\/index.php\\\/produit\\\/la-collection-vegvisir\\\/#primaryimage\"},\"thumbnailUrl\":\"https:\\\/\\\/lesceau.fr\\\/wp-content\\\/uploads\\\/2021\\\/02\\\/151758369_5412558458761763_2795904764274135391_n-1-rotated.jpg\",\"datePublished\":\"2021-02-18T09:06:23+00:00\",\"dateModified\":\"2024-03-21T09:38:44+00:00\",\"breadcrumb\":{\"@id\":\"https:\\\/\\\/lesceau.fr\\\/index.php\\\/produit\\\/la-collection-vegvisir\\\/#breadcrumb\"},\"inLanguage\":\"fr-FR\",\"potentialAction\":[{\"@type\":\"ReadAction\",\"target\":[\"https:\\\/\\\/lesceau.fr\\\/index.php\\\/produit\\\/la-collection-vegvisir\\\/\"]}]},{\"@type\":\"ImageObject\",\"inLanguage\":\"fr-FR\",\"@id\":\"https:\\\/\\\/lesceau.fr\\\/index.php\\\/produit\\\/la-collection-vegvisir\\\/#primaryimage\",\"url\":\"https:\\\/\\\/lesceau.fr\\\/wp-content\\\/uploads\\\/2021\\\/02\\\/151758369_5412558458761763_2795904764274135391_n-1-rotated.jpg\",\"contentUrl\":\"https:\\\/\\\/lesceau.fr\\\/wp-content\\\/uploads\\\/2021\\\/02\\\/151758369_5412558458761763_2795904764274135391_n-1-rotated.jpg\",\"width\":1440,\"height\":1920},{\"@type\":\"BreadcrumbList\",\"@id\":\"https:\\\/\\\/lesceau.fr\\\/index.php\\\/produit\\\/la-collection-vegvisir\\\/#breadcrumb\",\"itemListElement\":[{\"@type\":\"ListItem\",\"position\":1,\"name\":\"Accueil\",\"item\":\"https:\\\/\\\/lesceau.fr\\\/\"},{\"@type\":\"ListItem\",\"position\":2,\"name\":\"Boutique\",\"item\":\"https:\\\/\\\/lesceau.fr\\\/index.php\\\/boutique\\\/\"},{\"@type\":\"ListItem\",\"position\":3,\"name\":\"La collection \u00ab\u00a0vegvisir\u00a0\u00bb\"}]},{\"@type\":\"WebSite\",\"@id\":\"https:\\\/\\\/lesceau.fr\\\/#website\",\"url\":\"https:\\\/\\\/lesceau.fr\\\/\",\"name\":\"Le Sceau\",\"description\":\"Animations \u00e0 th\u00e8mes\",\"publisher\":{\"@id\":\"https:\\\/\\\/lesceau.fr\\\/#organization\"},\"alternateName\":\"Le sceau Animations\",\"potentialAction\":[{\"@type\":\"SearchAction\",\"target\":{\"@type\":\"EntryPoint\",\"urlTemplate\":\"https:\\\/\\\/lesceau.fr\\\/?s={search_term_string}\"},\"query-input\":{\"@type\":\"PropertyValueSpecification\",\"valueRequired\":true,\"valueName\":\"search_term_string\"}}],\"inLanguage\":\"fr-FR\"},{\"@type\":\"Organization\",\"@id\":\"https:\\\/\\\/lesceau.fr\\\/#organization\",\"name\":\"Le Sceau\",\"alternateName\":\"Le sceau animations\",\"url\":\"https:\\\/\\\/lesceau.fr\\\/\",\"logo\":{\"@type\":\"ImageObject\",\"inLanguage\":\"fr-FR\",\"@id\":\"https:\\\/\\\/lesceau.fr\\\/#\\\/schema\\\/logo\\\/image\\\/\",\"url\":\"https:\\\/\\\/lesceau.fr\\\/wp-content\\\/uploads\\\/2019\\\/03\\\/cropped-ESSAI-5.jpg\",\"contentUrl\":\"https:\\\/\\\/lesceau.fr\\\/wp-content\\\/uploads\\\/2019\\\/03\\\/cropped-ESSAI-5.jpg\",\"width\":412,\"height\":416,\"caption\":\"Le Sceau\"},\"image\":{\"@id\":\"https:\\\/\\\/lesceau.fr\\\/#\\\/schema\\\/logo\\\/image\\\/\"},\"sameAs\":[\"https:\\\/\\\/www.facebook.com\\\/Contact.lesceau\\\/\",\"https:\\\/\\\/instagram.com\\\/le.sceau?igshid=1nvgr38nzar\"]}]}<\/script>\n<!-- \/ Yoast SEO plugin. -->","yoast_head_json":{"title":"La collection \"vegvisir\" - Le Sceau","robots":{"index":"index","follow":"follow","max-snippet":"max-snippet:-1","max-image-preview":"max-image-preview:large","max-video-preview":"max-video-preview:-1"},"canonical":"https:\/\/lesceau.fr\/index.php\/produit\/la-collection-vegvisir\/","og_locale":"fr_FR","og_type":"article","og_title":"La collection \"vegvisir\" - Le Sceau","og_description":"Pendentif en r\u00e9sine teint\u00e9 repr\u00e9sentant un crane de corbeau avec la rune vegvisir grav\u00e9 sur le sommet du crane. La rune vegvisir est une rune de protection plus sp\u00e9cifiquement de guidage. En effet elle permettais \u00e0 tout voyageur qui la portait de ce guider et retrouver leurs chemin par tout temps. Il est mont\u00e9 sur un cordon cir\u00e9 r\u00e9glable gr\u00e2ce \u00e0 sa cha\u00eenette Longueur du pendentif environ 4 cm. Longueur du collier de 27 cm [&hellip;]","og_url":"https:\/\/lesceau.fr\/index.php\/produit\/la-collection-vegvisir\/","og_site_name":"Le Sceau","article_publisher":"https:\/\/www.facebook.com\/Contact.lesceau\/","article_modified_time":"2024-03-21T09:38:44+00:00","og_image":[{"width":1440,"height":1920,"url":"https:\/\/lesceau.fr\/wp-content\/uploads\/2021\/02\/151758369_5412558458761763_2795904764274135391_n-1-rotated.jpg","type":"image\/jpeg"}],"twitter_card":"summary_large_image","schema":{"@context":"https:\/\/schema.org","@graph":[{"@type":"WebPage","@id":"https:\/\/lesceau.fr\/index.php\/produit\/la-collection-vegvisir\/","url":"https:\/\/lesceau.fr\/index.php\/produit\/la-collection-vegvisir\/","name":"La collection \"vegvisir\" - Le Sceau","isPartOf":{"@id":"https:\/\/lesceau.fr\/#website"},"primaryImageOfPage":{"@id":"https:\/\/lesceau.fr\/index.php\/produit\/la-collection-vegvisir\/#primaryimage"},"image":{"@id":"https:\/\/lesceau.fr\/index.php\/produit\/la-collection-vegvisir\/#primaryimage"},"thumbnailUrl":"https:\/\/lesceau.fr\/wp-content\/uploads\/2021\/02\/151758369_5412558458761763_2795904764274135391_n-1-rotated.jpg","datePublished":"2021-02-18T09:06:23+00:00","dateModified":"2024-03-21T09:38:44+00:00","breadcrumb":{"@id":"https:\/\/lesceau.fr\/index.php\/produit\/la-collection-vegvisir\/#breadcrumb"},"inLanguage":"fr-FR","potentialAction":[{"@type":"ReadAction","target":["https:\/\/lesceau.fr\/index.php\/produit\/la-collection-vegvisir\/"]}]},{"@type":"ImageObject","inLanguage":"fr-FR","@id":"https:\/\/lesceau.fr\/index.php\/produit\/la-collection-vegvisir\/#primaryimage","url":"https:\/\/lesceau.fr\/wp-content\/uploads\/2021\/02\/151758369_5412558458761763_2795904764274135391_n-1-rotated.jpg","contentUrl":"https:\/\/lesceau.fr\/wp-content\/uploads\/2021\/02\/151758369_5412558458761763_2795904764274135391_n-1-rotated.jpg","width":1440,"height":1920},{"@type":"BreadcrumbList","@id":"https:\/\/lesceau.fr\/index.php\/produit\/la-collection-vegvisir\/#breadcrumb","itemListElement":[{"@type":"ListItem","position":1,"name":"Accueil","item":"https:\/\/lesceau.fr\/"},{"@type":"ListItem","position":2,"name":"Boutique","item":"https:\/\/lesceau.fr\/index.php\/boutique\/"},{"@type":"ListItem","position":3,"name":"La collection \u00ab\u00a0vegvisir\u00a0\u00bb"}]},{"@type":"WebSite","@id":"https:\/\/lesceau.fr\/#website","url":"https:\/\/lesceau.fr\/","name":"Le Sceau","description":"Animations \u00e0 th\u00e8mes","publisher":{"@id":"https:\/\/lesceau.fr\/#organization"},"alternateName":"Le sceau Animations","potentialAction":[{"@type":"SearchAction","target":{"@type":"EntryPoint","urlTemplate":"https:\/\/lesceau.fr\/?s={search_term_string}"},"query-input":{"@type":"PropertyValueSpecification","valueRequired":true,"valueName":"search_term_string"}}],"inLanguage":"fr-FR"},{"@type":"Organization","@id":"https:\/\/lesceau.fr\/#organization","name":"Le Sceau","alternateName":"Le sceau animations","url":"https:\/\/lesceau.fr\/","logo":{"@type":"ImageObject","inLanguage":"fr-FR","@id":"https:\/\/lesceau.fr\/#\/schema\/logo\/image\/","url":"https:\/\/lesceau.fr\/wp-content\/uploads\/2019\/03\/cropped-ESSAI-5.jpg","contentUrl":"https:\/\/lesceau.fr\/wp-content\/uploads\/2019\/03\/cropped-ESSAI-5.jpg","width":412,"height":416,"caption":"Le Sceau"},"image":{"@id":"https:\/\/lesceau.fr\/#\/schema\/logo\/image\/"},"sameAs":["https:\/\/www.facebook.com\/Contact.lesceau\/","https:\/\/instagram.com\/le.sceau?igshid=1nvgr38nzar"]}]}},"_links":{"self":[{"href":"https:\/\/lesceau.fr\/index.php\/wp-json\/wp\/v2\/product\/15120","targetHints":{"allow":["GET"]}}],"collection":[{"href":"https:\/\/lesceau.fr\/index.php\/wp-json\/wp\/v2\/product"}],"about":[{"href":"https:\/\/lesceau.fr\/index.php\/wp-json\/wp\/v2\/types\/product"}],"replies":[{"embeddable":true,"href":"https:\/\/lesceau.fr\/index.php\/wp-json\/wp\/v2\/comments?post=15120"}],"wp:featuredmedia":[{"embeddable":true,"href":"https:\/\/lesceau.fr\/index.php\/wp-json\/wp\/v2\/media\/15122"}],"wp:attachment":[{"href":"https:\/\/lesceau.fr\/index.php\/wp-json\/wp\/v2\/media?parent=15120"}],"wp:term":[{"taxonomy":"product_brand","embeddable":true,"href":"https:\/\/lesceau.fr\/index.php\/wp-json\/wp\/v2\/product_brand?post=15120"},{"taxonomy":"product_cat","embeddable":true,"href":"https:\/\/lesceau.fr\/index.php\/wp-json\/wp\/v2\/product_cat?post=15120"},{"taxonomy":"product_tag","embeddable":true,"href":"https:\/\/lesceau.fr\/index.php\/wp-json\/wp\/v2\/product_tag?post=15120"}],"curies":[{"name":"wp","href":"https:\/\/api.w.org\/{rel}","templated":true}]}}