{"id":15115,"date":"2021-02-13T10:16:13","date_gmt":"2021-02-13T09:16:13","guid":{"rendered":"https:\/\/lesceau.fr\/?post_type=product&#038;p=15115"},"modified":"2025-02-20T08:47:04","modified_gmt":"2025-02-20T07:47:04","slug":"boucles-doreille-hugin-munin","status":"publish","type":"product","link":"https:\/\/lesceau.fr\/index.php\/produit\/boucles-doreille-hugin-munin\/","title":{"rendered":"Boucles d&rsquo;oreille \u00ab\u00a0Hugin &#038; Munin\u00a0\u00bb"},"content":{"rendered":"<p>Tu te sens l&rsquo;\u00e2me d&rsquo;une guerri\u00e8re viking ? tu as du sang de viking qui coule dans tes veines ?<\/p>\n<p>Ces boucles d&rsquo;oreilles sont faites pour toi<\/p>\n<p>En effet elle sont inspir\u00e9es des deux corbeaux d&rsquo;Odin Hugin et Munin, qui parcouraient les neuf mondes pour murmurer aux oreilles d&rsquo;Odin ce qu&rsquo;ils ont vu et entendu.<\/p>\n<p style=\"text-align: left;\">Boucles d&rsquo;oreilles cr\u00e2ne de corbeau noir mat<\/p>\n<p>Tailles du cr\u00e2ne : 2 cm<\/p>\n<p>Boucle : couleur argent\u00e9<\/p>\n<p>&nbsp;<\/p>\n","protected":false},"excerpt":{"rendered":"<p>Tu te sens l&rsquo;\u00e2me d&rsquo;une guerri\u00e8re viking ? tu as du sang de viking qui coule dans tes veines ? Ces boucles d&rsquo;oreilles sont faites pour toi En effet elle sont inspir\u00e9es des deux corbeaux d&rsquo;Odin Hugin et Munin, qui parcouraient les neuf mondes pour murmurer aux oreilles d&rsquo;Odin ce qu&rsquo;ils ont vu et entendu. Boucles d&rsquo;oreilles cr\u00e2ne de corbeau noir mat Tailles du cr\u00e2ne : 2 cm Boucle : couleur argent\u00e9 &nbsp;<\/p>\n","protected":false},"featured_media":15117,"comment_status":"open","ping_status":"closed","template":"","meta":[],"product_brand":[],"product_cat":[248],"product_tag":[72,84,85,138,140,137,139,141,44],"class_list":{"0":"post-15115","1":"product","2":"type-product","3":"status-publish","4":"has-post-thumbnail","6":"product_cat-pagan","7":"product_tag-corbeau","8":"product_tag-crane","9":"product_tag-crane-de-corbeau","10":"product_tag-hugin","11":"product_tag-hugin-and-munin","12":"product_tag-hugin-et-munin","13":"product_tag-munin","14":"product_tag-odin","15":"product_tag-viking","17":"first","18":"outofstock","19":"sold-individually","20":"purchasable","21":"product-type-simple"},"yoast_head":"<!-- This site is optimized with the Yoast SEO plugin v27.4 - https:\/\/yoast.com\/product\/yoast-seo-wordpress\/ -->\n<title>Boucles d&#039;oreille &quot;Hugin &amp; Munin&quot; - Le Sceau<\/title>\n<meta name=\"robots\" content=\"index, follow, max-snippet:-1, max-image-preview:large, max-video-preview:-1\" \/>\n<link rel=\"canonical\" href=\"https:\/\/lesceau.fr\/index.php\/produit\/boucles-doreille-hugin-munin\/\" \/>\n<meta property=\"og:locale\" content=\"fr_FR\" \/>\n<meta property=\"og:type\" content=\"article\" \/>\n<meta property=\"og:title\" content=\"Boucles d&#039;oreille &quot;Hugin &amp; Munin&quot; - Le Sceau\" \/>\n<meta property=\"og:description\" content=\"Tu te sens l&rsquo;\u00e2me d&rsquo;une guerri\u00e8re viking ? tu as du sang de viking qui coule dans tes veines ? Ces boucles d&rsquo;oreilles sont faites pour toi En effet elle sont inspir\u00e9es des deux corbeaux d&rsquo;Odin Hugin et Munin, qui parcouraient les neuf mondes pour murmurer aux oreilles d&rsquo;Odin ce qu&rsquo;ils ont vu et entendu. Boucles d&rsquo;oreilles cr\u00e2ne de corbeau noir mat Tailles du cr\u00e2ne : 2 cm Boucle : couleur argent\u00e9 &nbsp;\" \/>\n<meta property=\"og:url\" content=\"https:\/\/lesceau.fr\/index.php\/produit\/boucles-doreille-hugin-munin\/\" \/>\n<meta property=\"og:site_name\" content=\"Le Sceau\" \/>\n<meta property=\"article:publisher\" content=\"https:\/\/www.facebook.com\/Contact.lesceau\/\" \/>\n<meta property=\"article:modified_time\" content=\"2025-02-20T07:47:04+00:00\" \/>\n<meta property=\"og:image\" content=\"https:\/\/lesceau.fr\/wp-content\/uploads\/2021\/02\/IMG-20210210-WA0001.jpg\" \/>\n\t<meta property=\"og:image:width\" content=\"1600\" \/>\n\t<meta property=\"og:image:height\" content=\"1200\" \/>\n\t<meta property=\"og:image:type\" content=\"image\/jpeg\" \/>\n<meta name=\"twitter:card\" content=\"summary_large_image\" \/>\n<script type=\"application\/ld+json\" class=\"yoast-schema-graph\">{\"@context\":\"https:\\\/\\\/schema.org\",\"@graph\":[{\"@type\":\"WebPage\",\"@id\":\"https:\\\/\\\/lesceau.fr\\\/index.php\\\/produit\\\/boucles-doreille-hugin-munin\\\/\",\"url\":\"https:\\\/\\\/lesceau.fr\\\/index.php\\\/produit\\\/boucles-doreille-hugin-munin\\\/\",\"name\":\"Boucles d'oreille \\\"Hugin & Munin\\\" - Le Sceau\",\"isPartOf\":{\"@id\":\"https:\\\/\\\/lesceau.fr\\\/#website\"},\"primaryImageOfPage\":{\"@id\":\"https:\\\/\\\/lesceau.fr\\\/index.php\\\/produit\\\/boucles-doreille-hugin-munin\\\/#primaryimage\"},\"image\":{\"@id\":\"https:\\\/\\\/lesceau.fr\\\/index.php\\\/produit\\\/boucles-doreille-hugin-munin\\\/#primaryimage\"},\"thumbnailUrl\":\"https:\\\/\\\/lesceau.fr\\\/wp-content\\\/uploads\\\/2021\\\/02\\\/IMG-20210210-WA0001.jpg\",\"datePublished\":\"2021-02-13T09:16:13+00:00\",\"dateModified\":\"2025-02-20T07:47:04+00:00\",\"breadcrumb\":{\"@id\":\"https:\\\/\\\/lesceau.fr\\\/index.php\\\/produit\\\/boucles-doreille-hugin-munin\\\/#breadcrumb\"},\"inLanguage\":\"fr-FR\",\"potentialAction\":[{\"@type\":\"ReadAction\",\"target\":[\"https:\\\/\\\/lesceau.fr\\\/index.php\\\/produit\\\/boucles-doreille-hugin-munin\\\/\"]}]},{\"@type\":\"ImageObject\",\"inLanguage\":\"fr-FR\",\"@id\":\"https:\\\/\\\/lesceau.fr\\\/index.php\\\/produit\\\/boucles-doreille-hugin-munin\\\/#primaryimage\",\"url\":\"https:\\\/\\\/lesceau.fr\\\/wp-content\\\/uploads\\\/2021\\\/02\\\/IMG-20210210-WA0001.jpg\",\"contentUrl\":\"https:\\\/\\\/lesceau.fr\\\/wp-content\\\/uploads\\\/2021\\\/02\\\/IMG-20210210-WA0001.jpg\",\"width\":1600,\"height\":1200},{\"@type\":\"BreadcrumbList\",\"@id\":\"https:\\\/\\\/lesceau.fr\\\/index.php\\\/produit\\\/boucles-doreille-hugin-munin\\\/#breadcrumb\",\"itemListElement\":[{\"@type\":\"ListItem\",\"position\":1,\"name\":\"Accueil\",\"item\":\"https:\\\/\\\/lesceau.fr\\\/\"},{\"@type\":\"ListItem\",\"position\":2,\"name\":\"Boutique\",\"item\":\"https:\\\/\\\/lesceau.fr\\\/index.php\\\/boutique\\\/\"},{\"@type\":\"ListItem\",\"position\":3,\"name\":\"Boucles d&#8217;oreille &#8220;Hugin &#038; Munin&#8221;\"}]},{\"@type\":\"WebSite\",\"@id\":\"https:\\\/\\\/lesceau.fr\\\/#website\",\"url\":\"https:\\\/\\\/lesceau.fr\\\/\",\"name\":\"Le Sceau\",\"description\":\"Animations \u00e0 th\u00e8mes\",\"publisher\":{\"@id\":\"https:\\\/\\\/lesceau.fr\\\/#organization\"},\"alternateName\":\"Le sceau Animations\",\"potentialAction\":[{\"@type\":\"SearchAction\",\"target\":{\"@type\":\"EntryPoint\",\"urlTemplate\":\"https:\\\/\\\/lesceau.fr\\\/?s={search_term_string}\"},\"query-input\":{\"@type\":\"PropertyValueSpecification\",\"valueRequired\":true,\"valueName\":\"search_term_string\"}}],\"inLanguage\":\"fr-FR\"},{\"@type\":\"Organization\",\"@id\":\"https:\\\/\\\/lesceau.fr\\\/#organization\",\"name\":\"Le Sceau\",\"alternateName\":\"Le sceau animations\",\"url\":\"https:\\\/\\\/lesceau.fr\\\/\",\"logo\":{\"@type\":\"ImageObject\",\"inLanguage\":\"fr-FR\",\"@id\":\"https:\\\/\\\/lesceau.fr\\\/#\\\/schema\\\/logo\\\/image\\\/\",\"url\":\"https:\\\/\\\/lesceau.fr\\\/wp-content\\\/uploads\\\/2019\\\/03\\\/cropped-ESSAI-5.jpg\",\"contentUrl\":\"https:\\\/\\\/lesceau.fr\\\/wp-content\\\/uploads\\\/2019\\\/03\\\/cropped-ESSAI-5.jpg\",\"width\":412,\"height\":416,\"caption\":\"Le Sceau\"},\"image\":{\"@id\":\"https:\\\/\\\/lesceau.fr\\\/#\\\/schema\\\/logo\\\/image\\\/\"},\"sameAs\":[\"https:\\\/\\\/www.facebook.com\\\/Contact.lesceau\\\/\",\"https:\\\/\\\/instagram.com\\\/le.sceau?igshid=1nvgr38nzar\"]}]}<\/script>\n<!-- \/ Yoast SEO plugin. -->","yoast_head_json":{"title":"Boucles d'oreille \"Hugin & Munin\" - Le Sceau","robots":{"index":"index","follow":"follow","max-snippet":"max-snippet:-1","max-image-preview":"max-image-preview:large","max-video-preview":"max-video-preview:-1"},"canonical":"https:\/\/lesceau.fr\/index.php\/produit\/boucles-doreille-hugin-munin\/","og_locale":"fr_FR","og_type":"article","og_title":"Boucles d'oreille \"Hugin & Munin\" - Le Sceau","og_description":"Tu te sens l&rsquo;\u00e2me d&rsquo;une guerri\u00e8re viking ? tu as du sang de viking qui coule dans tes veines ? Ces boucles d&rsquo;oreilles sont faites pour toi En effet elle sont inspir\u00e9es des deux corbeaux d&rsquo;Odin Hugin et Munin, qui parcouraient les neuf mondes pour murmurer aux oreilles d&rsquo;Odin ce qu&rsquo;ils ont vu et entendu. Boucles d&rsquo;oreilles cr\u00e2ne de corbeau noir mat Tailles du cr\u00e2ne : 2 cm Boucle : couleur argent\u00e9 &nbsp;","og_url":"https:\/\/lesceau.fr\/index.php\/produit\/boucles-doreille-hugin-munin\/","og_site_name":"Le Sceau","article_publisher":"https:\/\/www.facebook.com\/Contact.lesceau\/","article_modified_time":"2025-02-20T07:47:04+00:00","og_image":[{"width":1600,"height":1200,"url":"https:\/\/lesceau.fr\/wp-content\/uploads\/2021\/02\/IMG-20210210-WA0001.jpg","type":"image\/jpeg"}],"twitter_card":"summary_large_image","schema":{"@context":"https:\/\/schema.org","@graph":[{"@type":"WebPage","@id":"https:\/\/lesceau.fr\/index.php\/produit\/boucles-doreille-hugin-munin\/","url":"https:\/\/lesceau.fr\/index.php\/produit\/boucles-doreille-hugin-munin\/","name":"Boucles d'oreille \"Hugin & Munin\" - Le Sceau","isPartOf":{"@id":"https:\/\/lesceau.fr\/#website"},"primaryImageOfPage":{"@id":"https:\/\/lesceau.fr\/index.php\/produit\/boucles-doreille-hugin-munin\/#primaryimage"},"image":{"@id":"https:\/\/lesceau.fr\/index.php\/produit\/boucles-doreille-hugin-munin\/#primaryimage"},"thumbnailUrl":"https:\/\/lesceau.fr\/wp-content\/uploads\/2021\/02\/IMG-20210210-WA0001.jpg","datePublished":"2021-02-13T09:16:13+00:00","dateModified":"2025-02-20T07:47:04+00:00","breadcrumb":{"@id":"https:\/\/lesceau.fr\/index.php\/produit\/boucles-doreille-hugin-munin\/#breadcrumb"},"inLanguage":"fr-FR","potentialAction":[{"@type":"ReadAction","target":["https:\/\/lesceau.fr\/index.php\/produit\/boucles-doreille-hugin-munin\/"]}]},{"@type":"ImageObject","inLanguage":"fr-FR","@id":"https:\/\/lesceau.fr\/index.php\/produit\/boucles-doreille-hugin-munin\/#primaryimage","url":"https:\/\/lesceau.fr\/wp-content\/uploads\/2021\/02\/IMG-20210210-WA0001.jpg","contentUrl":"https:\/\/lesceau.fr\/wp-content\/uploads\/2021\/02\/IMG-20210210-WA0001.jpg","width":1600,"height":1200},{"@type":"BreadcrumbList","@id":"https:\/\/lesceau.fr\/index.php\/produit\/boucles-doreille-hugin-munin\/#breadcrumb","itemListElement":[{"@type":"ListItem","position":1,"name":"Accueil","item":"https:\/\/lesceau.fr\/"},{"@type":"ListItem","position":2,"name":"Boutique","item":"https:\/\/lesceau.fr\/index.php\/boutique\/"},{"@type":"ListItem","position":3,"name":"Boucles d&#8217;oreille &#8220;Hugin &#038; Munin&#8221;"}]},{"@type":"WebSite","@id":"https:\/\/lesceau.fr\/#website","url":"https:\/\/lesceau.fr\/","name":"Le Sceau","description":"Animations \u00e0 th\u00e8mes","publisher":{"@id":"https:\/\/lesceau.fr\/#organization"},"alternateName":"Le sceau Animations","potentialAction":[{"@type":"SearchAction","target":{"@type":"EntryPoint","urlTemplate":"https:\/\/lesceau.fr\/?s={search_term_string}"},"query-input":{"@type":"PropertyValueSpecification","valueRequired":true,"valueName":"search_term_string"}}],"inLanguage":"fr-FR"},{"@type":"Organization","@id":"https:\/\/lesceau.fr\/#organization","name":"Le Sceau","alternateName":"Le sceau animations","url":"https:\/\/lesceau.fr\/","logo":{"@type":"ImageObject","inLanguage":"fr-FR","@id":"https:\/\/lesceau.fr\/#\/schema\/logo\/image\/","url":"https:\/\/lesceau.fr\/wp-content\/uploads\/2019\/03\/cropped-ESSAI-5.jpg","contentUrl":"https:\/\/lesceau.fr\/wp-content\/uploads\/2019\/03\/cropped-ESSAI-5.jpg","width":412,"height":416,"caption":"Le Sceau"},"image":{"@id":"https:\/\/lesceau.fr\/#\/schema\/logo\/image\/"},"sameAs":["https:\/\/www.facebook.com\/Contact.lesceau\/","https:\/\/instagram.com\/le.sceau?igshid=1nvgr38nzar"]}]}},"_links":{"self":[{"href":"https:\/\/lesceau.fr\/index.php\/wp-json\/wp\/v2\/product\/15115","targetHints":{"allow":["GET"]}}],"collection":[{"href":"https:\/\/lesceau.fr\/index.php\/wp-json\/wp\/v2\/product"}],"about":[{"href":"https:\/\/lesceau.fr\/index.php\/wp-json\/wp\/v2\/types\/product"}],"replies":[{"embeddable":true,"href":"https:\/\/lesceau.fr\/index.php\/wp-json\/wp\/v2\/comments?post=15115"}],"wp:featuredmedia":[{"embeddable":true,"href":"https:\/\/lesceau.fr\/index.php\/wp-json\/wp\/v2\/media\/15117"}],"wp:attachment":[{"href":"https:\/\/lesceau.fr\/index.php\/wp-json\/wp\/v2\/media?parent=15115"}],"wp:term":[{"taxonomy":"product_brand","embeddable":true,"href":"https:\/\/lesceau.fr\/index.php\/wp-json\/wp\/v2\/product_brand?post=15115"},{"taxonomy":"product_cat","embeddable":true,"href":"https:\/\/lesceau.fr\/index.php\/wp-json\/wp\/v2\/product_cat?post=15115"},{"taxonomy":"product_tag","embeddable":true,"href":"https:\/\/lesceau.fr\/index.php\/wp-json\/wp\/v2\/product_tag?post=15115"}],"curies":[{"name":"wp","href":"https:\/\/api.w.org\/{rel}","templated":true}]}}