{"id":15061,"date":"2020-11-25T12:33:55","date_gmt":"2020-11-25T11:33:55","guid":{"rendered":"https:\/\/lesceau.fr\/?post_type=product&#038;p=15061"},"modified":"2025-02-19T16:37:37","modified_gmt":"2025-02-19T15:37:37","slug":"pendentif-diffuseur-huile-essentielle","status":"publish","type":"product","link":"https:\/\/lesceau.fr\/index.php\/produit\/pendentif-diffuseur-huile-essentielle\/","title":{"rendered":"Pendentif diffuseur huile essentielle"},"content":{"rendered":"<div class=\"kvgmc6g5 cxmmr5t8 oygrvhab hcukyx3x c1et5uql\">Pendentif diffuseur d\u2019huiles essentielles.<\/div>\n<div class=\"o9v6fnle cxmmr5t8 oygrvhab hcukyx3x c1et5uql\">Ce pendentif permet gr\u00e2ce \u00e0 ses deux petites pierres de lave de mettre une ou deux gouttes d\u2019huiles essentielles pour avoir leur parfums et propri\u00e9t\u00e9 tout au long de votre journ\u00e9e.<\/div>\n<div class=\"o9v6fnle cxmmr5t8 oygrvhab hcukyx3x c1et5uql\">Deux perles de v\u00e9ritable pierre de lave d\u2019environ 1 cm Motif feuille en m\u00e9tal Longueur de la cha\u00eene 25 cm Longueur du pendentif 4 cm<\/div>\n<div class=\"o9v6fnle cxmmr5t8 oygrvhab hcukyx3x c1et5uql\">Tous nos articles sont fabriqu\u00e9s \u00e0 la main et sont des pi\u00e8ces uniques.<\/div>\n<div class=\"o9v6fnle cxmmr5t8 oygrvhab hcukyx3x c1et5uql\">www.lesceau.fr \u2013<\/div>\n<div class=\"o9v6fnle cxmmr5t8 oygrvhab hcukyx3x c1et5uql\">Le Sceau cr\u00e9ations d\u2019inspiration historique et pagan, cr\u00e9ateur d\u2019\u00e9motions.<span>\u00a0<\/span><\/div>\n","protected":false},"excerpt":{"rendered":"<p>Pendentif diffuseur d\u2019huiles essentielles. Ce pendentif permet gr\u00e2ce \u00e0 ses deux petites pierres de lave de mettre une ou deux gouttes d\u2019huiles essentielles pour avoir leur parfums et propri\u00e9t\u00e9 tout au long de votre journ\u00e9e. Deux perles de v\u00e9ritable pierre de lave d\u2019environ 1 cm Motif feuille en m\u00e9tal Longueur de la cha\u00eene 25 cm Longueur du pendentif 4 cm Tous nos articles sont fabriqu\u00e9s \u00e0 la main et sont des pi\u00e8ces uniques. www.lesceau.fr \u2013 [&hellip;]<\/p>\n","protected":false},"featured_media":15062,"comment_status":"open","ping_status":"closed","template":"","meta":[],"product_brand":[],"product_cat":[55],"product_tag":[90,87,89,25,86,88],"class_list":{"0":"post-15061","1":"product","2":"type-product","3":"status-publish","4":"has-post-thumbnail","6":"product_cat-volcanique","7":"product_tag-bien-etre","8":"product_tag-huile-essentielle","9":"product_tag-parfum","10":"product_tag-pendentif","11":"product_tag-pierre-de-lave","12":"product_tag-senteur","14":"first","15":"outofstock","16":"sold-individually","17":"purchasable","18":"product-type-simple"},"yoast_head":"<!-- This site is optimized with the Yoast SEO plugin v27.4 - https:\/\/yoast.com\/product\/yoast-seo-wordpress\/ -->\n<title>Pendentif diffuseur huile essentielle - Le Sceau<\/title>\n<meta name=\"robots\" content=\"index, follow, max-snippet:-1, max-image-preview:large, max-video-preview:-1\" \/>\n<link rel=\"canonical\" href=\"https:\/\/lesceau.fr\/index.php\/produit\/pendentif-diffuseur-huile-essentielle\/\" \/>\n<meta property=\"og:locale\" content=\"fr_FR\" \/>\n<meta property=\"og:type\" content=\"article\" \/>\n<meta property=\"og:title\" content=\"Pendentif diffuseur huile essentielle - Le Sceau\" \/>\n<meta property=\"og:description\" content=\"Pendentif diffuseur d\u2019huiles essentielles. Ce pendentif permet gr\u00e2ce \u00e0 ses deux petites pierres de lave de mettre une ou deux gouttes d\u2019huiles essentielles pour avoir leur parfums et propri\u00e9t\u00e9 tout au long de votre journ\u00e9e. Deux perles de v\u00e9ritable pierre de lave d\u2019environ 1 cm Motif feuille en m\u00e9tal Longueur de la cha\u00eene 25 cm Longueur du pendentif 4 cm Tous nos articles sont fabriqu\u00e9s \u00e0 la main et sont des pi\u00e8ces uniques. www.lesceau.fr \u2013 [&hellip;]\" \/>\n<meta property=\"og:url\" content=\"https:\/\/lesceau.fr\/index.php\/produit\/pendentif-diffuseur-huile-essentielle\/\" \/>\n<meta property=\"og:site_name\" content=\"Le Sceau\" \/>\n<meta property=\"article:publisher\" content=\"https:\/\/www.facebook.com\/Contact.lesceau\/\" \/>\n<meta property=\"article:modified_time\" content=\"2025-02-19T15:37:37+00:00\" \/>\n<meta property=\"og:image\" content=\"https:\/\/lesceau.fr\/wp-content\/uploads\/2020\/11\/IMG_20201125_122012-scaled.jpg\" \/>\n\t<meta property=\"og:image:width\" content=\"1920\" \/>\n\t<meta property=\"og:image:height\" content=\"2560\" \/>\n\t<meta property=\"og:image:type\" content=\"image\/jpeg\" \/>\n<meta name=\"twitter:card\" content=\"summary_large_image\" \/>\n<script type=\"application\/ld+json\" class=\"yoast-schema-graph\">{\"@context\":\"https:\\\/\\\/schema.org\",\"@graph\":[{\"@type\":\"WebPage\",\"@id\":\"https:\\\/\\\/lesceau.fr\\\/index.php\\\/produit\\\/pendentif-diffuseur-huile-essentielle\\\/\",\"url\":\"https:\\\/\\\/lesceau.fr\\\/index.php\\\/produit\\\/pendentif-diffuseur-huile-essentielle\\\/\",\"name\":\"Pendentif diffuseur huile essentielle - Le Sceau\",\"isPartOf\":{\"@id\":\"https:\\\/\\\/lesceau.fr\\\/#website\"},\"primaryImageOfPage\":{\"@id\":\"https:\\\/\\\/lesceau.fr\\\/index.php\\\/produit\\\/pendentif-diffuseur-huile-essentielle\\\/#primaryimage\"},\"image\":{\"@id\":\"https:\\\/\\\/lesceau.fr\\\/index.php\\\/produit\\\/pendentif-diffuseur-huile-essentielle\\\/#primaryimage\"},\"thumbnailUrl\":\"https:\\\/\\\/lesceau.fr\\\/wp-content\\\/uploads\\\/2020\\\/11\\\/IMG_20201125_122012-scaled.jpg\",\"datePublished\":\"2020-11-25T11:33:55+00:00\",\"dateModified\":\"2025-02-19T15:37:37+00:00\",\"breadcrumb\":{\"@id\":\"https:\\\/\\\/lesceau.fr\\\/index.php\\\/produit\\\/pendentif-diffuseur-huile-essentielle\\\/#breadcrumb\"},\"inLanguage\":\"fr-FR\",\"potentialAction\":[{\"@type\":\"ReadAction\",\"target\":[\"https:\\\/\\\/lesceau.fr\\\/index.php\\\/produit\\\/pendentif-diffuseur-huile-essentielle\\\/\"]}]},{\"@type\":\"ImageObject\",\"inLanguage\":\"fr-FR\",\"@id\":\"https:\\\/\\\/lesceau.fr\\\/index.php\\\/produit\\\/pendentif-diffuseur-huile-essentielle\\\/#primaryimage\",\"url\":\"https:\\\/\\\/lesceau.fr\\\/wp-content\\\/uploads\\\/2020\\\/11\\\/IMG_20201125_122012-scaled.jpg\",\"contentUrl\":\"https:\\\/\\\/lesceau.fr\\\/wp-content\\\/uploads\\\/2020\\\/11\\\/IMG_20201125_122012-scaled.jpg\",\"width\":1920,\"height\":2560},{\"@type\":\"BreadcrumbList\",\"@id\":\"https:\\\/\\\/lesceau.fr\\\/index.php\\\/produit\\\/pendentif-diffuseur-huile-essentielle\\\/#breadcrumb\",\"itemListElement\":[{\"@type\":\"ListItem\",\"position\":1,\"name\":\"Accueil\",\"item\":\"https:\\\/\\\/lesceau.fr\\\/\"},{\"@type\":\"ListItem\",\"position\":2,\"name\":\"Boutique\",\"item\":\"https:\\\/\\\/lesceau.fr\\\/index.php\\\/boutique\\\/\"},{\"@type\":\"ListItem\",\"position\":3,\"name\":\"Pendentif diffuseur huile essentielle\"}]},{\"@type\":\"WebSite\",\"@id\":\"https:\\\/\\\/lesceau.fr\\\/#website\",\"url\":\"https:\\\/\\\/lesceau.fr\\\/\",\"name\":\"Le Sceau\",\"description\":\"Animations \u00e0 th\u00e8mes\",\"publisher\":{\"@id\":\"https:\\\/\\\/lesceau.fr\\\/#organization\"},\"alternateName\":\"Le sceau Animations\",\"potentialAction\":[{\"@type\":\"SearchAction\",\"target\":{\"@type\":\"EntryPoint\",\"urlTemplate\":\"https:\\\/\\\/lesceau.fr\\\/?s={search_term_string}\"},\"query-input\":{\"@type\":\"PropertyValueSpecification\",\"valueRequired\":true,\"valueName\":\"search_term_string\"}}],\"inLanguage\":\"fr-FR\"},{\"@type\":\"Organization\",\"@id\":\"https:\\\/\\\/lesceau.fr\\\/#organization\",\"name\":\"Le Sceau\",\"alternateName\":\"Le sceau animations\",\"url\":\"https:\\\/\\\/lesceau.fr\\\/\",\"logo\":{\"@type\":\"ImageObject\",\"inLanguage\":\"fr-FR\",\"@id\":\"https:\\\/\\\/lesceau.fr\\\/#\\\/schema\\\/logo\\\/image\\\/\",\"url\":\"https:\\\/\\\/lesceau.fr\\\/wp-content\\\/uploads\\\/2019\\\/03\\\/cropped-ESSAI-5.jpg\",\"contentUrl\":\"https:\\\/\\\/lesceau.fr\\\/wp-content\\\/uploads\\\/2019\\\/03\\\/cropped-ESSAI-5.jpg\",\"width\":412,\"height\":416,\"caption\":\"Le Sceau\"},\"image\":{\"@id\":\"https:\\\/\\\/lesceau.fr\\\/#\\\/schema\\\/logo\\\/image\\\/\"},\"sameAs\":[\"https:\\\/\\\/www.facebook.com\\\/Contact.lesceau\\\/\",\"https:\\\/\\\/instagram.com\\\/le.sceau?igshid=1nvgr38nzar\"]}]}<\/script>\n<!-- \/ Yoast SEO plugin. -->","yoast_head_json":{"title":"Pendentif diffuseur huile essentielle - Le Sceau","robots":{"index":"index","follow":"follow","max-snippet":"max-snippet:-1","max-image-preview":"max-image-preview:large","max-video-preview":"max-video-preview:-1"},"canonical":"https:\/\/lesceau.fr\/index.php\/produit\/pendentif-diffuseur-huile-essentielle\/","og_locale":"fr_FR","og_type":"article","og_title":"Pendentif diffuseur huile essentielle - Le Sceau","og_description":"Pendentif diffuseur d\u2019huiles essentielles. Ce pendentif permet gr\u00e2ce \u00e0 ses deux petites pierres de lave de mettre une ou deux gouttes d\u2019huiles essentielles pour avoir leur parfums et propri\u00e9t\u00e9 tout au long de votre journ\u00e9e. Deux perles de v\u00e9ritable pierre de lave d\u2019environ 1 cm Motif feuille en m\u00e9tal Longueur de la cha\u00eene 25 cm Longueur du pendentif 4 cm Tous nos articles sont fabriqu\u00e9s \u00e0 la main et sont des pi\u00e8ces uniques. www.lesceau.fr \u2013 [&hellip;]","og_url":"https:\/\/lesceau.fr\/index.php\/produit\/pendentif-diffuseur-huile-essentielle\/","og_site_name":"Le Sceau","article_publisher":"https:\/\/www.facebook.com\/Contact.lesceau\/","article_modified_time":"2025-02-19T15:37:37+00:00","og_image":[{"width":1920,"height":2560,"url":"https:\/\/lesceau.fr\/wp-content\/uploads\/2020\/11\/IMG_20201125_122012-scaled.jpg","type":"image\/jpeg"}],"twitter_card":"summary_large_image","schema":{"@context":"https:\/\/schema.org","@graph":[{"@type":"WebPage","@id":"https:\/\/lesceau.fr\/index.php\/produit\/pendentif-diffuseur-huile-essentielle\/","url":"https:\/\/lesceau.fr\/index.php\/produit\/pendentif-diffuseur-huile-essentielle\/","name":"Pendentif diffuseur huile essentielle - Le Sceau","isPartOf":{"@id":"https:\/\/lesceau.fr\/#website"},"primaryImageOfPage":{"@id":"https:\/\/lesceau.fr\/index.php\/produit\/pendentif-diffuseur-huile-essentielle\/#primaryimage"},"image":{"@id":"https:\/\/lesceau.fr\/index.php\/produit\/pendentif-diffuseur-huile-essentielle\/#primaryimage"},"thumbnailUrl":"https:\/\/lesceau.fr\/wp-content\/uploads\/2020\/11\/IMG_20201125_122012-scaled.jpg","datePublished":"2020-11-25T11:33:55+00:00","dateModified":"2025-02-19T15:37:37+00:00","breadcrumb":{"@id":"https:\/\/lesceau.fr\/index.php\/produit\/pendentif-diffuseur-huile-essentielle\/#breadcrumb"},"inLanguage":"fr-FR","potentialAction":[{"@type":"ReadAction","target":["https:\/\/lesceau.fr\/index.php\/produit\/pendentif-diffuseur-huile-essentielle\/"]}]},{"@type":"ImageObject","inLanguage":"fr-FR","@id":"https:\/\/lesceau.fr\/index.php\/produit\/pendentif-diffuseur-huile-essentielle\/#primaryimage","url":"https:\/\/lesceau.fr\/wp-content\/uploads\/2020\/11\/IMG_20201125_122012-scaled.jpg","contentUrl":"https:\/\/lesceau.fr\/wp-content\/uploads\/2020\/11\/IMG_20201125_122012-scaled.jpg","width":1920,"height":2560},{"@type":"BreadcrumbList","@id":"https:\/\/lesceau.fr\/index.php\/produit\/pendentif-diffuseur-huile-essentielle\/#breadcrumb","itemListElement":[{"@type":"ListItem","position":1,"name":"Accueil","item":"https:\/\/lesceau.fr\/"},{"@type":"ListItem","position":2,"name":"Boutique","item":"https:\/\/lesceau.fr\/index.php\/boutique\/"},{"@type":"ListItem","position":3,"name":"Pendentif diffuseur huile essentielle"}]},{"@type":"WebSite","@id":"https:\/\/lesceau.fr\/#website","url":"https:\/\/lesceau.fr\/","name":"Le Sceau","description":"Animations \u00e0 th\u00e8mes","publisher":{"@id":"https:\/\/lesceau.fr\/#organization"},"alternateName":"Le sceau Animations","potentialAction":[{"@type":"SearchAction","target":{"@type":"EntryPoint","urlTemplate":"https:\/\/lesceau.fr\/?s={search_term_string}"},"query-input":{"@type":"PropertyValueSpecification","valueRequired":true,"valueName":"search_term_string"}}],"inLanguage":"fr-FR"},{"@type":"Organization","@id":"https:\/\/lesceau.fr\/#organization","name":"Le Sceau","alternateName":"Le sceau animations","url":"https:\/\/lesceau.fr\/","logo":{"@type":"ImageObject","inLanguage":"fr-FR","@id":"https:\/\/lesceau.fr\/#\/schema\/logo\/image\/","url":"https:\/\/lesceau.fr\/wp-content\/uploads\/2019\/03\/cropped-ESSAI-5.jpg","contentUrl":"https:\/\/lesceau.fr\/wp-content\/uploads\/2019\/03\/cropped-ESSAI-5.jpg","width":412,"height":416,"caption":"Le Sceau"},"image":{"@id":"https:\/\/lesceau.fr\/#\/schema\/logo\/image\/"},"sameAs":["https:\/\/www.facebook.com\/Contact.lesceau\/","https:\/\/instagram.com\/le.sceau?igshid=1nvgr38nzar"]}]}},"_links":{"self":[{"href":"https:\/\/lesceau.fr\/index.php\/wp-json\/wp\/v2\/product\/15061","targetHints":{"allow":["GET"]}}],"collection":[{"href":"https:\/\/lesceau.fr\/index.php\/wp-json\/wp\/v2\/product"}],"about":[{"href":"https:\/\/lesceau.fr\/index.php\/wp-json\/wp\/v2\/types\/product"}],"replies":[{"embeddable":true,"href":"https:\/\/lesceau.fr\/index.php\/wp-json\/wp\/v2\/comments?post=15061"}],"wp:featuredmedia":[{"embeddable":true,"href":"https:\/\/lesceau.fr\/index.php\/wp-json\/wp\/v2\/media\/15062"}],"wp:attachment":[{"href":"https:\/\/lesceau.fr\/index.php\/wp-json\/wp\/v2\/media?parent=15061"}],"wp:term":[{"taxonomy":"product_brand","embeddable":true,"href":"https:\/\/lesceau.fr\/index.php\/wp-json\/wp\/v2\/product_brand?post=15061"},{"taxonomy":"product_cat","embeddable":true,"href":"https:\/\/lesceau.fr\/index.php\/wp-json\/wp\/v2\/product_cat?post=15061"},{"taxonomy":"product_tag","embeddable":true,"href":"https:\/\/lesceau.fr\/index.php\/wp-json\/wp\/v2\/product_tag?post=15061"}],"curies":[{"name":"wp","href":"https:\/\/api.w.org\/{rel}","templated":true}]}}