{"id":15008,"date":"2020-11-05T10:35:01","date_gmt":"2020-11-05T09:35:01","guid":{"rendered":"https:\/\/lesceau.fr\/?post_type=product&#038;p=15008"},"modified":"2024-03-21T10:36:29","modified_gmt":"2024-03-21T09:36:29","slug":"kit-de-fabrication-bonhomme-de-neige","status":"publish","type":"product","link":"https:\/\/lesceau.fr\/index.php\/produit\/kit-de-fabrication-bonhomme-de-neige\/","title":{"rendered":"Kit de fabrication \u00ab\u00a0Bonhomme de neige \u00ab\u00a0"},"content":{"rendered":"<p>Dans ce kit vous trouverez tous le n\u00e9cessaire pour faire fabriqu\u00e9 \u00e0 votre enfant son propre jeux du morpion<\/p>\n<p>vous trouverez :<\/p>\n<ul>\n<li>1 rondin pour la t\u00eate ( couper que sur un cot\u00e9 )<\/li>\n<li>1 rondin pour le corps ( coup\u00e9 des deux cot\u00e9 )<\/li>\n<li>1 rondin pour le socle ( faire tenir le bonhomme )<\/li>\n<li>1 rondin pour le chapeau ainsi que le tout petit chapeau pour le haut de forme.<\/li>\n<li>1 \u00e9charpe<\/li>\n<li>2 papier \u00e0 poncer ( 1 gros grain et un grain doux )<\/li>\n<\/ul>\n","protected":false},"excerpt":{"rendered":"<p>Dans ce kit vous trouverez tous le n\u00e9cessaire pour faire fabriqu\u00e9 \u00e0 votre enfant son propre jeux du morpion vous trouverez : 1 rondin pour la t\u00eate ( couper que sur un cot\u00e9 ) 1 rondin pour le corps ( coup\u00e9 des deux cot\u00e9 ) 1 rondin pour le socle ( faire tenir le bonhomme ) 1 rondin pour le chapeau ainsi que le tout petit chapeau pour le haut de forme. 1 \u00e9charpe 2 [&hellip;]<\/p>\n","protected":false},"featured_media":15004,"comment_status":"open","ping_status":"closed","template":"","meta":[],"product_brand":[],"product_cat":[101],"product_tag":[77,166,100,102,46],"class_list":{"0":"post-15008","1":"product","2":"type-product","3":"status-publish","4":"has-post-thumbnail","6":"product_cat-la-collection-kit-bonhomme-de-neige","7":"product_tag-amusement","8":"product_tag-bricolage","9":"product_tag-decouverte","10":"product_tag-fabrication","11":"product_tag-jeux","13":"first","14":"instock","15":"purchasable","16":"product-type-simple"},"yoast_head":"<!-- This site is optimized with the Yoast SEO plugin v27.4 - https:\/\/yoast.com\/product\/yoast-seo-wordpress\/ -->\n<title>Kit de fabrication &quot;Bonhomme de neige &quot; - Le Sceau<\/title>\n<meta name=\"robots\" content=\"index, follow, max-snippet:-1, max-image-preview:large, max-video-preview:-1\" \/>\n<link rel=\"canonical\" href=\"https:\/\/lesceau.fr\/index.php\/produit\/kit-de-fabrication-bonhomme-de-neige\/\" \/>\n<meta property=\"og:locale\" content=\"fr_FR\" \/>\n<meta property=\"og:type\" content=\"article\" \/>\n<meta property=\"og:title\" content=\"Kit de fabrication &quot;Bonhomme de neige &quot; - Le Sceau\" \/>\n<meta property=\"og:description\" content=\"Dans ce kit vous trouverez tous le n\u00e9cessaire pour faire fabriqu\u00e9 \u00e0 votre enfant son propre jeux du morpion vous trouverez : 1 rondin pour la t\u00eate ( couper que sur un cot\u00e9 ) 1 rondin pour le corps ( coup\u00e9 des deux cot\u00e9 ) 1 rondin pour le socle ( faire tenir le bonhomme ) 1 rondin pour le chapeau ainsi que le tout petit chapeau pour le haut de forme. 1 \u00e9charpe 2 [&hellip;]\" \/>\n<meta property=\"og:url\" content=\"https:\/\/lesceau.fr\/index.php\/produit\/kit-de-fabrication-bonhomme-de-neige\/\" \/>\n<meta property=\"og:site_name\" content=\"Le Sceau\" \/>\n<meta property=\"article:publisher\" content=\"https:\/\/www.facebook.com\/Contact.lesceau\/\" \/>\n<meta property=\"article:modified_time\" content=\"2024-03-21T09:36:29+00:00\" \/>\n<meta property=\"og:image\" content=\"https:\/\/lesceau.fr\/wp-content\/uploads\/2020\/11\/IMG_20201105_094029-scaled.jpg\" \/>\n\t<meta property=\"og:image:width\" content=\"1920\" \/>\n\t<meta property=\"og:image:height\" content=\"2560\" \/>\n\t<meta property=\"og:image:type\" content=\"image\/jpeg\" \/>\n<meta name=\"twitter:card\" content=\"summary_large_image\" \/>\n<script type=\"application\/ld+json\" class=\"yoast-schema-graph\">{\"@context\":\"https:\\\/\\\/schema.org\",\"@graph\":[{\"@type\":\"WebPage\",\"@id\":\"https:\\\/\\\/lesceau.fr\\\/index.php\\\/produit\\\/kit-de-fabrication-bonhomme-de-neige\\\/\",\"url\":\"https:\\\/\\\/lesceau.fr\\\/index.php\\\/produit\\\/kit-de-fabrication-bonhomme-de-neige\\\/\",\"name\":\"Kit de fabrication \\\"Bonhomme de neige \\\" - Le Sceau\",\"isPartOf\":{\"@id\":\"https:\\\/\\\/lesceau.fr\\\/#website\"},\"primaryImageOfPage\":{\"@id\":\"https:\\\/\\\/lesceau.fr\\\/index.php\\\/produit\\\/kit-de-fabrication-bonhomme-de-neige\\\/#primaryimage\"},\"image\":{\"@id\":\"https:\\\/\\\/lesceau.fr\\\/index.php\\\/produit\\\/kit-de-fabrication-bonhomme-de-neige\\\/#primaryimage\"},\"thumbnailUrl\":\"https:\\\/\\\/lesceau.fr\\\/wp-content\\\/uploads\\\/2020\\\/11\\\/IMG_20201105_094029-scaled.jpg\",\"datePublished\":\"2020-11-05T09:35:01+00:00\",\"dateModified\":\"2024-03-21T09:36:29+00:00\",\"breadcrumb\":{\"@id\":\"https:\\\/\\\/lesceau.fr\\\/index.php\\\/produit\\\/kit-de-fabrication-bonhomme-de-neige\\\/#breadcrumb\"},\"inLanguage\":\"fr-FR\",\"potentialAction\":[{\"@type\":\"ReadAction\",\"target\":[\"https:\\\/\\\/lesceau.fr\\\/index.php\\\/produit\\\/kit-de-fabrication-bonhomme-de-neige\\\/\"]}]},{\"@type\":\"ImageObject\",\"inLanguage\":\"fr-FR\",\"@id\":\"https:\\\/\\\/lesceau.fr\\\/index.php\\\/produit\\\/kit-de-fabrication-bonhomme-de-neige\\\/#primaryimage\",\"url\":\"https:\\\/\\\/lesceau.fr\\\/wp-content\\\/uploads\\\/2020\\\/11\\\/IMG_20201105_094029-scaled.jpg\",\"contentUrl\":\"https:\\\/\\\/lesceau.fr\\\/wp-content\\\/uploads\\\/2020\\\/11\\\/IMG_20201105_094029-scaled.jpg\",\"width\":1920,\"height\":2560},{\"@type\":\"BreadcrumbList\",\"@id\":\"https:\\\/\\\/lesceau.fr\\\/index.php\\\/produit\\\/kit-de-fabrication-bonhomme-de-neige\\\/#breadcrumb\",\"itemListElement\":[{\"@type\":\"ListItem\",\"position\":1,\"name\":\"Accueil\",\"item\":\"https:\\\/\\\/lesceau.fr\\\/\"},{\"@type\":\"ListItem\",\"position\":2,\"name\":\"Boutique\",\"item\":\"https:\\\/\\\/lesceau.fr\\\/index.php\\\/boutique\\\/\"},{\"@type\":\"ListItem\",\"position\":3,\"name\":\"Kit de fabrication \u00ab\u00a0Bonhomme de neige \u00ab\u00a0\"}]},{\"@type\":\"WebSite\",\"@id\":\"https:\\\/\\\/lesceau.fr\\\/#website\",\"url\":\"https:\\\/\\\/lesceau.fr\\\/\",\"name\":\"Le Sceau\",\"description\":\"Animations \u00e0 th\u00e8mes\",\"publisher\":{\"@id\":\"https:\\\/\\\/lesceau.fr\\\/#organization\"},\"alternateName\":\"Le sceau Animations\",\"potentialAction\":[{\"@type\":\"SearchAction\",\"target\":{\"@type\":\"EntryPoint\",\"urlTemplate\":\"https:\\\/\\\/lesceau.fr\\\/?s={search_term_string}\"},\"query-input\":{\"@type\":\"PropertyValueSpecification\",\"valueRequired\":true,\"valueName\":\"search_term_string\"}}],\"inLanguage\":\"fr-FR\"},{\"@type\":\"Organization\",\"@id\":\"https:\\\/\\\/lesceau.fr\\\/#organization\",\"name\":\"Le Sceau\",\"alternateName\":\"Le sceau animations\",\"url\":\"https:\\\/\\\/lesceau.fr\\\/\",\"logo\":{\"@type\":\"ImageObject\",\"inLanguage\":\"fr-FR\",\"@id\":\"https:\\\/\\\/lesceau.fr\\\/#\\\/schema\\\/logo\\\/image\\\/\",\"url\":\"https:\\\/\\\/lesceau.fr\\\/wp-content\\\/uploads\\\/2019\\\/03\\\/cropped-ESSAI-5.jpg\",\"contentUrl\":\"https:\\\/\\\/lesceau.fr\\\/wp-content\\\/uploads\\\/2019\\\/03\\\/cropped-ESSAI-5.jpg\",\"width\":412,\"height\":416,\"caption\":\"Le Sceau\"},\"image\":{\"@id\":\"https:\\\/\\\/lesceau.fr\\\/#\\\/schema\\\/logo\\\/image\\\/\"},\"sameAs\":[\"https:\\\/\\\/www.facebook.com\\\/Contact.lesceau\\\/\",\"https:\\\/\\\/instagram.com\\\/le.sceau?igshid=1nvgr38nzar\"]}]}<\/script>\n<!-- \/ Yoast SEO plugin. -->","yoast_head_json":{"title":"Kit de fabrication \"Bonhomme de neige \" - Le Sceau","robots":{"index":"index","follow":"follow","max-snippet":"max-snippet:-1","max-image-preview":"max-image-preview:large","max-video-preview":"max-video-preview:-1"},"canonical":"https:\/\/lesceau.fr\/index.php\/produit\/kit-de-fabrication-bonhomme-de-neige\/","og_locale":"fr_FR","og_type":"article","og_title":"Kit de fabrication \"Bonhomme de neige \" - Le Sceau","og_description":"Dans ce kit vous trouverez tous le n\u00e9cessaire pour faire fabriqu\u00e9 \u00e0 votre enfant son propre jeux du morpion vous trouverez : 1 rondin pour la t\u00eate ( couper que sur un cot\u00e9 ) 1 rondin pour le corps ( coup\u00e9 des deux cot\u00e9 ) 1 rondin pour le socle ( faire tenir le bonhomme ) 1 rondin pour le chapeau ainsi que le tout petit chapeau pour le haut de forme. 1 \u00e9charpe 2 [&hellip;]","og_url":"https:\/\/lesceau.fr\/index.php\/produit\/kit-de-fabrication-bonhomme-de-neige\/","og_site_name":"Le Sceau","article_publisher":"https:\/\/www.facebook.com\/Contact.lesceau\/","article_modified_time":"2024-03-21T09:36:29+00:00","og_image":[{"width":1920,"height":2560,"url":"https:\/\/lesceau.fr\/wp-content\/uploads\/2020\/11\/IMG_20201105_094029-scaled.jpg","type":"image\/jpeg"}],"twitter_card":"summary_large_image","schema":{"@context":"https:\/\/schema.org","@graph":[{"@type":"WebPage","@id":"https:\/\/lesceau.fr\/index.php\/produit\/kit-de-fabrication-bonhomme-de-neige\/","url":"https:\/\/lesceau.fr\/index.php\/produit\/kit-de-fabrication-bonhomme-de-neige\/","name":"Kit de fabrication \"Bonhomme de neige \" - Le Sceau","isPartOf":{"@id":"https:\/\/lesceau.fr\/#website"},"primaryImageOfPage":{"@id":"https:\/\/lesceau.fr\/index.php\/produit\/kit-de-fabrication-bonhomme-de-neige\/#primaryimage"},"image":{"@id":"https:\/\/lesceau.fr\/index.php\/produit\/kit-de-fabrication-bonhomme-de-neige\/#primaryimage"},"thumbnailUrl":"https:\/\/lesceau.fr\/wp-content\/uploads\/2020\/11\/IMG_20201105_094029-scaled.jpg","datePublished":"2020-11-05T09:35:01+00:00","dateModified":"2024-03-21T09:36:29+00:00","breadcrumb":{"@id":"https:\/\/lesceau.fr\/index.php\/produit\/kit-de-fabrication-bonhomme-de-neige\/#breadcrumb"},"inLanguage":"fr-FR","potentialAction":[{"@type":"ReadAction","target":["https:\/\/lesceau.fr\/index.php\/produit\/kit-de-fabrication-bonhomme-de-neige\/"]}]},{"@type":"ImageObject","inLanguage":"fr-FR","@id":"https:\/\/lesceau.fr\/index.php\/produit\/kit-de-fabrication-bonhomme-de-neige\/#primaryimage","url":"https:\/\/lesceau.fr\/wp-content\/uploads\/2020\/11\/IMG_20201105_094029-scaled.jpg","contentUrl":"https:\/\/lesceau.fr\/wp-content\/uploads\/2020\/11\/IMG_20201105_094029-scaled.jpg","width":1920,"height":2560},{"@type":"BreadcrumbList","@id":"https:\/\/lesceau.fr\/index.php\/produit\/kit-de-fabrication-bonhomme-de-neige\/#breadcrumb","itemListElement":[{"@type":"ListItem","position":1,"name":"Accueil","item":"https:\/\/lesceau.fr\/"},{"@type":"ListItem","position":2,"name":"Boutique","item":"https:\/\/lesceau.fr\/index.php\/boutique\/"},{"@type":"ListItem","position":3,"name":"Kit de fabrication \u00ab\u00a0Bonhomme de neige \u00ab\u00a0"}]},{"@type":"WebSite","@id":"https:\/\/lesceau.fr\/#website","url":"https:\/\/lesceau.fr\/","name":"Le Sceau","description":"Animations \u00e0 th\u00e8mes","publisher":{"@id":"https:\/\/lesceau.fr\/#organization"},"alternateName":"Le sceau Animations","potentialAction":[{"@type":"SearchAction","target":{"@type":"EntryPoint","urlTemplate":"https:\/\/lesceau.fr\/?s={search_term_string}"},"query-input":{"@type":"PropertyValueSpecification","valueRequired":true,"valueName":"search_term_string"}}],"inLanguage":"fr-FR"},{"@type":"Organization","@id":"https:\/\/lesceau.fr\/#organization","name":"Le Sceau","alternateName":"Le sceau animations","url":"https:\/\/lesceau.fr\/","logo":{"@type":"ImageObject","inLanguage":"fr-FR","@id":"https:\/\/lesceau.fr\/#\/schema\/logo\/image\/","url":"https:\/\/lesceau.fr\/wp-content\/uploads\/2019\/03\/cropped-ESSAI-5.jpg","contentUrl":"https:\/\/lesceau.fr\/wp-content\/uploads\/2019\/03\/cropped-ESSAI-5.jpg","width":412,"height":416,"caption":"Le Sceau"},"image":{"@id":"https:\/\/lesceau.fr\/#\/schema\/logo\/image\/"},"sameAs":["https:\/\/www.facebook.com\/Contact.lesceau\/","https:\/\/instagram.com\/le.sceau?igshid=1nvgr38nzar"]}]}},"_links":{"self":[{"href":"https:\/\/lesceau.fr\/index.php\/wp-json\/wp\/v2\/product\/15008","targetHints":{"allow":["GET"]}}],"collection":[{"href":"https:\/\/lesceau.fr\/index.php\/wp-json\/wp\/v2\/product"}],"about":[{"href":"https:\/\/lesceau.fr\/index.php\/wp-json\/wp\/v2\/types\/product"}],"replies":[{"embeddable":true,"href":"https:\/\/lesceau.fr\/index.php\/wp-json\/wp\/v2\/comments?post=15008"}],"wp:featuredmedia":[{"embeddable":true,"href":"https:\/\/lesceau.fr\/index.php\/wp-json\/wp\/v2\/media\/15004"}],"wp:attachment":[{"href":"https:\/\/lesceau.fr\/index.php\/wp-json\/wp\/v2\/media?parent=15008"}],"wp:term":[{"taxonomy":"product_brand","embeddable":true,"href":"https:\/\/lesceau.fr\/index.php\/wp-json\/wp\/v2\/product_brand?post=15008"},{"taxonomy":"product_cat","embeddable":true,"href":"https:\/\/lesceau.fr\/index.php\/wp-json\/wp\/v2\/product_cat?post=15008"},{"taxonomy":"product_tag","embeddable":true,"href":"https:\/\/lesceau.fr\/index.php\/wp-json\/wp\/v2\/product_tag?post=15008"}],"curies":[{"name":"wp","href":"https:\/\/api.w.org\/{rel}","templated":true}]}}