{"id":14871,"date":"2020-10-31T17:52:37","date_gmt":"2020-10-31T16:52:37","guid":{"rendered":"https:\/\/lesceau.fr\/?post_type=product&#038;p=14871"},"modified":"2025-02-20T08:50:50","modified_gmt":"2025-02-20T07:50:50","slug":"le-fermer-la-boite","status":"publish","type":"product","link":"https:\/\/lesceau.fr\/index.php\/produit\/le-fermer-la-boite\/","title":{"rendered":"Le fermer la boite"},"content":{"rendered":"<p>Jeux du fermer la boite en petite plaquettes de bois pyrograv\u00e9.<\/p>\n<p>les plaquettes sont teint\u00e9 \u00e0 l&rsquo;huile de lin ,<\/p>\n<p>elle sont emboit\u00e9 sur une ficelle tenu par une perle de bois de chaque cot\u00e9 de la ficelle.<\/p>\n<p>Le jeux est accompagner de sont lot de deux d\u00e9s pyrograv\u00e9<\/p>\n","protected":false},"excerpt":{"rendered":"<p>Jeux du fermer la boite en petite plaquettes de bois pyrograv\u00e9. les plaquettes sont teint\u00e9 \u00e0 l&rsquo;huile de lin , elle sont emboit\u00e9 sur une ficelle tenu par une perle de bois de chaque cot\u00e9 de la ficelle. Le jeux est accompagner de sont lot de deux d\u00e9s pyrograv\u00e9<\/p>\n","protected":false},"featured_media":14872,"comment_status":"open","ping_status":"closed","template":"","meta":[],"product_brand":[],"product_cat":[107],"product_tag":[77,32,46,49,48],"class_list":{"0":"post-14871","1":"product","2":"type-product","3":"status-publish","4":"has-post-thumbnail","6":"product_cat-la-collection-fermer-la-boite","7":"product_tag-amusement","8":"product_tag-bois","9":"product_tag-jeux","10":"product_tag-jeux-historique","11":"product_tag-jeux-medieval","13":"first","14":"outofstock","15":"purchasable","16":"product-type-simple"},"yoast_head":"<!-- This site is optimized with the Yoast SEO plugin v27.4 - https:\/\/yoast.com\/product\/yoast-seo-wordpress\/ -->\n<title>Le fermer la boite - Le Sceau<\/title>\n<meta name=\"robots\" content=\"index, follow, max-snippet:-1, max-image-preview:large, max-video-preview:-1\" \/>\n<link rel=\"canonical\" href=\"https:\/\/lesceau.fr\/index.php\/produit\/le-fermer-la-boite\/\" \/>\n<meta property=\"og:locale\" content=\"fr_FR\" \/>\n<meta property=\"og:type\" content=\"article\" \/>\n<meta property=\"og:title\" content=\"Le fermer la boite - Le Sceau\" \/>\n<meta property=\"og:description\" content=\"Jeux du fermer la boite en petite plaquettes de bois pyrograv\u00e9. les plaquettes sont teint\u00e9 \u00e0 l&rsquo;huile de lin , elle sont emboit\u00e9 sur une ficelle tenu par une perle de bois de chaque cot\u00e9 de la ficelle. Le jeux est accompagner de sont lot de deux d\u00e9s pyrograv\u00e9\" \/>\n<meta property=\"og:url\" content=\"https:\/\/lesceau.fr\/index.php\/produit\/le-fermer-la-boite\/\" \/>\n<meta property=\"og:site_name\" content=\"Le Sceau\" \/>\n<meta property=\"article:publisher\" content=\"https:\/\/www.facebook.com\/Contact.lesceau\/\" \/>\n<meta property=\"article:modified_time\" content=\"2025-02-20T07:50:50+00:00\" \/>\n<meta property=\"og:image\" content=\"https:\/\/lesceau.fr\/wp-content\/uploads\/2020\/10\/IMG_20201030_105049-scaled.jpg\" \/>\n\t<meta property=\"og:image:width\" content=\"2560\" \/>\n\t<meta property=\"og:image:height\" content=\"1920\" \/>\n\t<meta property=\"og:image:type\" content=\"image\/jpeg\" \/>\n<meta name=\"twitter:card\" content=\"summary_large_image\" \/>\n<script type=\"application\/ld+json\" class=\"yoast-schema-graph\">{\"@context\":\"https:\\\/\\\/schema.org\",\"@graph\":[{\"@type\":\"WebPage\",\"@id\":\"https:\\\/\\\/lesceau.fr\\\/index.php\\\/produit\\\/le-fermer-la-boite\\\/\",\"url\":\"https:\\\/\\\/lesceau.fr\\\/index.php\\\/produit\\\/le-fermer-la-boite\\\/\",\"name\":\"Le fermer la boite - Le Sceau\",\"isPartOf\":{\"@id\":\"https:\\\/\\\/lesceau.fr\\\/#website\"},\"primaryImageOfPage\":{\"@id\":\"https:\\\/\\\/lesceau.fr\\\/index.php\\\/produit\\\/le-fermer-la-boite\\\/#primaryimage\"},\"image\":{\"@id\":\"https:\\\/\\\/lesceau.fr\\\/index.php\\\/produit\\\/le-fermer-la-boite\\\/#primaryimage\"},\"thumbnailUrl\":\"https:\\\/\\\/lesceau.fr\\\/wp-content\\\/uploads\\\/2020\\\/10\\\/IMG_20201030_105049-scaled.jpg\",\"datePublished\":\"2020-10-31T16:52:37+00:00\",\"dateModified\":\"2025-02-20T07:50:50+00:00\",\"breadcrumb\":{\"@id\":\"https:\\\/\\\/lesceau.fr\\\/index.php\\\/produit\\\/le-fermer-la-boite\\\/#breadcrumb\"},\"inLanguage\":\"fr-FR\",\"potentialAction\":[{\"@type\":\"ReadAction\",\"target\":[\"https:\\\/\\\/lesceau.fr\\\/index.php\\\/produit\\\/le-fermer-la-boite\\\/\"]}]},{\"@type\":\"ImageObject\",\"inLanguage\":\"fr-FR\",\"@id\":\"https:\\\/\\\/lesceau.fr\\\/index.php\\\/produit\\\/le-fermer-la-boite\\\/#primaryimage\",\"url\":\"https:\\\/\\\/lesceau.fr\\\/wp-content\\\/uploads\\\/2020\\\/10\\\/IMG_20201030_105049-scaled.jpg\",\"contentUrl\":\"https:\\\/\\\/lesceau.fr\\\/wp-content\\\/uploads\\\/2020\\\/10\\\/IMG_20201030_105049-scaled.jpg\",\"width\":2560,\"height\":1920},{\"@type\":\"BreadcrumbList\",\"@id\":\"https:\\\/\\\/lesceau.fr\\\/index.php\\\/produit\\\/le-fermer-la-boite\\\/#breadcrumb\",\"itemListElement\":[{\"@type\":\"ListItem\",\"position\":1,\"name\":\"Accueil\",\"item\":\"https:\\\/\\\/lesceau.fr\\\/\"},{\"@type\":\"ListItem\",\"position\":2,\"name\":\"Boutique\",\"item\":\"https:\\\/\\\/lesceau.fr\\\/index.php\\\/boutique\\\/\"},{\"@type\":\"ListItem\",\"position\":3,\"name\":\"Le fermer la boite\"}]},{\"@type\":\"WebSite\",\"@id\":\"https:\\\/\\\/lesceau.fr\\\/#website\",\"url\":\"https:\\\/\\\/lesceau.fr\\\/\",\"name\":\"Le Sceau\",\"description\":\"Animations \u00e0 th\u00e8mes\",\"publisher\":{\"@id\":\"https:\\\/\\\/lesceau.fr\\\/#organization\"},\"alternateName\":\"Le sceau Animations\",\"potentialAction\":[{\"@type\":\"SearchAction\",\"target\":{\"@type\":\"EntryPoint\",\"urlTemplate\":\"https:\\\/\\\/lesceau.fr\\\/?s={search_term_string}\"},\"query-input\":{\"@type\":\"PropertyValueSpecification\",\"valueRequired\":true,\"valueName\":\"search_term_string\"}}],\"inLanguage\":\"fr-FR\"},{\"@type\":\"Organization\",\"@id\":\"https:\\\/\\\/lesceau.fr\\\/#organization\",\"name\":\"Le Sceau\",\"alternateName\":\"Le sceau animations\",\"url\":\"https:\\\/\\\/lesceau.fr\\\/\",\"logo\":{\"@type\":\"ImageObject\",\"inLanguage\":\"fr-FR\",\"@id\":\"https:\\\/\\\/lesceau.fr\\\/#\\\/schema\\\/logo\\\/image\\\/\",\"url\":\"https:\\\/\\\/lesceau.fr\\\/wp-content\\\/uploads\\\/2019\\\/03\\\/cropped-ESSAI-5.jpg\",\"contentUrl\":\"https:\\\/\\\/lesceau.fr\\\/wp-content\\\/uploads\\\/2019\\\/03\\\/cropped-ESSAI-5.jpg\",\"width\":412,\"height\":416,\"caption\":\"Le Sceau\"},\"image\":{\"@id\":\"https:\\\/\\\/lesceau.fr\\\/#\\\/schema\\\/logo\\\/image\\\/\"},\"sameAs\":[\"https:\\\/\\\/www.facebook.com\\\/Contact.lesceau\\\/\",\"https:\\\/\\\/instagram.com\\\/le.sceau?igshid=1nvgr38nzar\"]}]}<\/script>\n<!-- \/ Yoast SEO plugin. -->","yoast_head_json":{"title":"Le fermer la boite - Le Sceau","robots":{"index":"index","follow":"follow","max-snippet":"max-snippet:-1","max-image-preview":"max-image-preview:large","max-video-preview":"max-video-preview:-1"},"canonical":"https:\/\/lesceau.fr\/index.php\/produit\/le-fermer-la-boite\/","og_locale":"fr_FR","og_type":"article","og_title":"Le fermer la boite - Le Sceau","og_description":"Jeux du fermer la boite en petite plaquettes de bois pyrograv\u00e9. les plaquettes sont teint\u00e9 \u00e0 l&rsquo;huile de lin , elle sont emboit\u00e9 sur une ficelle tenu par une perle de bois de chaque cot\u00e9 de la ficelle. Le jeux est accompagner de sont lot de deux d\u00e9s pyrograv\u00e9","og_url":"https:\/\/lesceau.fr\/index.php\/produit\/le-fermer-la-boite\/","og_site_name":"Le Sceau","article_publisher":"https:\/\/www.facebook.com\/Contact.lesceau\/","article_modified_time":"2025-02-20T07:50:50+00:00","og_image":[{"width":2560,"height":1920,"url":"https:\/\/lesceau.fr\/wp-content\/uploads\/2020\/10\/IMG_20201030_105049-scaled.jpg","type":"image\/jpeg"}],"twitter_card":"summary_large_image","schema":{"@context":"https:\/\/schema.org","@graph":[{"@type":"WebPage","@id":"https:\/\/lesceau.fr\/index.php\/produit\/le-fermer-la-boite\/","url":"https:\/\/lesceau.fr\/index.php\/produit\/le-fermer-la-boite\/","name":"Le fermer la boite - Le Sceau","isPartOf":{"@id":"https:\/\/lesceau.fr\/#website"},"primaryImageOfPage":{"@id":"https:\/\/lesceau.fr\/index.php\/produit\/le-fermer-la-boite\/#primaryimage"},"image":{"@id":"https:\/\/lesceau.fr\/index.php\/produit\/le-fermer-la-boite\/#primaryimage"},"thumbnailUrl":"https:\/\/lesceau.fr\/wp-content\/uploads\/2020\/10\/IMG_20201030_105049-scaled.jpg","datePublished":"2020-10-31T16:52:37+00:00","dateModified":"2025-02-20T07:50:50+00:00","breadcrumb":{"@id":"https:\/\/lesceau.fr\/index.php\/produit\/le-fermer-la-boite\/#breadcrumb"},"inLanguage":"fr-FR","potentialAction":[{"@type":"ReadAction","target":["https:\/\/lesceau.fr\/index.php\/produit\/le-fermer-la-boite\/"]}]},{"@type":"ImageObject","inLanguage":"fr-FR","@id":"https:\/\/lesceau.fr\/index.php\/produit\/le-fermer-la-boite\/#primaryimage","url":"https:\/\/lesceau.fr\/wp-content\/uploads\/2020\/10\/IMG_20201030_105049-scaled.jpg","contentUrl":"https:\/\/lesceau.fr\/wp-content\/uploads\/2020\/10\/IMG_20201030_105049-scaled.jpg","width":2560,"height":1920},{"@type":"BreadcrumbList","@id":"https:\/\/lesceau.fr\/index.php\/produit\/le-fermer-la-boite\/#breadcrumb","itemListElement":[{"@type":"ListItem","position":1,"name":"Accueil","item":"https:\/\/lesceau.fr\/"},{"@type":"ListItem","position":2,"name":"Boutique","item":"https:\/\/lesceau.fr\/index.php\/boutique\/"},{"@type":"ListItem","position":3,"name":"Le fermer la boite"}]},{"@type":"WebSite","@id":"https:\/\/lesceau.fr\/#website","url":"https:\/\/lesceau.fr\/","name":"Le Sceau","description":"Animations \u00e0 th\u00e8mes","publisher":{"@id":"https:\/\/lesceau.fr\/#organization"},"alternateName":"Le sceau Animations","potentialAction":[{"@type":"SearchAction","target":{"@type":"EntryPoint","urlTemplate":"https:\/\/lesceau.fr\/?s={search_term_string}"},"query-input":{"@type":"PropertyValueSpecification","valueRequired":true,"valueName":"search_term_string"}}],"inLanguage":"fr-FR"},{"@type":"Organization","@id":"https:\/\/lesceau.fr\/#organization","name":"Le Sceau","alternateName":"Le sceau animations","url":"https:\/\/lesceau.fr\/","logo":{"@type":"ImageObject","inLanguage":"fr-FR","@id":"https:\/\/lesceau.fr\/#\/schema\/logo\/image\/","url":"https:\/\/lesceau.fr\/wp-content\/uploads\/2019\/03\/cropped-ESSAI-5.jpg","contentUrl":"https:\/\/lesceau.fr\/wp-content\/uploads\/2019\/03\/cropped-ESSAI-5.jpg","width":412,"height":416,"caption":"Le Sceau"},"image":{"@id":"https:\/\/lesceau.fr\/#\/schema\/logo\/image\/"},"sameAs":["https:\/\/www.facebook.com\/Contact.lesceau\/","https:\/\/instagram.com\/le.sceau?igshid=1nvgr38nzar"]}]}},"_links":{"self":[{"href":"https:\/\/lesceau.fr\/index.php\/wp-json\/wp\/v2\/product\/14871","targetHints":{"allow":["GET"]}}],"collection":[{"href":"https:\/\/lesceau.fr\/index.php\/wp-json\/wp\/v2\/product"}],"about":[{"href":"https:\/\/lesceau.fr\/index.php\/wp-json\/wp\/v2\/types\/product"}],"replies":[{"embeddable":true,"href":"https:\/\/lesceau.fr\/index.php\/wp-json\/wp\/v2\/comments?post=14871"}],"wp:featuredmedia":[{"embeddable":true,"href":"https:\/\/lesceau.fr\/index.php\/wp-json\/wp\/v2\/media\/14872"}],"wp:attachment":[{"href":"https:\/\/lesceau.fr\/index.php\/wp-json\/wp\/v2\/media?parent=14871"}],"wp:term":[{"taxonomy":"product_brand","embeddable":true,"href":"https:\/\/lesceau.fr\/index.php\/wp-json\/wp\/v2\/product_brand?post=14871"},{"taxonomy":"product_cat","embeddable":true,"href":"https:\/\/lesceau.fr\/index.php\/wp-json\/wp\/v2\/product_cat?post=14871"},{"taxonomy":"product_tag","embeddable":true,"href":"https:\/\/lesceau.fr\/index.php\/wp-json\/wp\/v2\/product_tag?post=14871"}],"curies":[{"name":"wp","href":"https:\/\/api.w.org\/{rel}","templated":true}]}}