{"id":39,"date":"2019-03-18T11:39:59","date_gmt":"2019-03-18T10:39:59","guid":{"rendered":"http:\/\/lesceau.fr\/?page_id=39"},"modified":"2026-03-26T16:57:53","modified_gmt":"2026-03-26T15:57:53","slug":"animation","status":"publish","type":"page","link":"https:\/\/lesceau.fr\/index.php\/animation\/","title":{"rendered":"L &lsquo;animation plus qu&rsquo;une passion, une vocation !"},"content":{"rendered":"\n<p>Vous souhaitez un espace de<strong> d\u00e9tente et d&rsquo;amusement<\/strong> o\u00f9 petits et grands peuvent<strong> jouer en famille<\/strong>. Un cocon <strong>original et sur mesure<\/strong> d\u00e9cor\u00e9 selon le th\u00e8me de votre prestation, Le sceau a ce qu&rsquo;il vous faut !<\/p>\n\n\n\n<p>Depuis 2019 et bas\u00e9 \u00e0 Marnaz 74, j&rsquo;ai cr\u00e9\u00e9 diff\u00e9rentes prestations afin de permettre au plus grand nombre se divertir ensemble et de passer un <strong>moment unique<\/strong>.<\/p>\n\n\n\n<p>Afin d&rsquo;animer <strong>tous vos \u00e9v\u00e9nements<\/strong> priv\u00e9s ou professionnels, je vous propose des animations ou des ateliers pour enfants cr\u00e9\u00e9s en fonction de vos besoins  :<\/p>\n\n\n<div class=\"wp-block-image\">\n<figure class=\"aligncenter size-large is-resized\"><img loading=\"lazy\" decoding=\"async\" width=\"512\" height=\"240\" src=\"http:\/\/lesceau.fr\/wp-content\/uploads\/2020\/07\/unnamed.png\" alt=\"\" class=\"wp-image-14635\" style=\"width:186px;height:87px\" srcset=\"https:\/\/lesceau.fr\/wp-content\/uploads\/2020\/07\/unnamed.png 512w, https:\/\/lesceau.fr\/wp-content\/uploads\/2020\/07\/unnamed-350x164.png 350w, https:\/\/lesceau.fr\/wp-content\/uploads\/2020\/07\/unnamed-300x141.png 300w\" sizes=\"auto, (max-width: 512px) 100vw, 512px\" \/><\/figure>\n<\/div>\n\n\n<h2 class=\"wp-block-heading has-accent-color has-text-color\">Pourquoi le Sceau est diff\u00e9rent :<\/h2>\n\n\n\n<p class=\"has-text-align-center has-background-color-color has-text-color\"><em><strong>Avec nous pas une simple location mais une animation sur mesure clef en main !<\/strong><\/em><\/p>\n\n\n\n<div class=\"wp-block-columns is-layout-flex wp-container-core-columns-is-layout-9d6595d7 wp-block-columns-is-layout-flex\">\n<div class=\"wp-block-column is-layout-flow wp-block-column-is-layout-flow\" style=\"flex-basis:100%\">\n<div class=\"wp-block-columns alignwide is-layout-flex wp-container-core-columns-is-layout-9d6595d7 wp-block-columns-is-layout-flex\">\n<div class=\"wp-block-column is-layout-flow wp-block-column-is-layout-flow\">\n<h3 class=\"wp-block-heading has-text-align-center has-accent-color has-text-color\">Pour tous les ages<\/h3>\n\n\n\n<p>Avec nos jeux en bois interg\u00e9n\u00e9rationnels, les adultes et les enfants pourront jouer ensemble et partager des moments inoubliables dans un espace d\u00e9cor\u00e9 selon votre th\u00e8me !<\/p>\n\n\n\n<p>Les plus petits ne seront pas oubli\u00e9s, car un espace leur a \u00e9t\u00e9 cr\u00e9e avec des jeux adapt\u00e9s.<\/p>\n<\/div>\n\n\n\n<div class=\"wp-block-column is-layout-flow wp-block-column-is-layout-flow\">\n<h3 class=\"wp-block-heading has-text-align-center has-accent-color has-text-color\">Un Animateur professionnel dipl\u00f4m\u00e9<\/h3>\n\n\n\n<p>A chaque prestation, filou notre baladin, farceur de place publique est l\u00e0 pour animer les jeux et les ateliers. Son r\u00f4le est de guider les enfants \u00e0 travers l\u2019univers, expliquer les r\u00e8gles.<\/p>\n\n\n\n<p>Il d\u00e9ambule, jongle, joue avec les familles, avec bonne humeur et fac\u00e9tie.<\/p>\n<\/div>\n\n\n\n<div class=\"wp-block-column is-layout-flow wp-block-column-is-layout-flow\">\n<h3 class=\"wp-block-heading has-text-align-center has-accent-color has-text-color\">Pour tous types d\u2019\u00e9v\u00e9nements :<\/h3>\n\n\n\n<ul class=\"wp-block-list\">\n<li><mark style=\"background-color:rgba(0, 0, 0, 0)\" class=\"has-inline-color has-accent-color\">centre de loisirs<\/mark> en lien avec votre projet p\u00e9dagogique<\/li>\n\n\n\n<li>pack <mark style=\"background-color:rgba(0, 0, 0, 0)\" class=\"has-inline-color has-accent-color\">mariages<\/mark><\/li>\n\n\n\n<li><mark style=\"background-color:rgba(0, 0, 0, 0)\" class=\"has-inline-color has-accent-color\">\u00e9coles<\/mark> en lien avec le projet \u00e9ducatif<\/li>\n\n\n\n<li><mark style=\"background-color:rgba(0, 0, 0, 0)\" class=\"has-inline-color has-accent-color\">comit\u00e9s d\u2019entreprises<\/mark><\/li>\n\n\n\n<li><mark style=\"background-color:rgba(0, 0, 0, 0)\" class=\"has-inline-color has-accent-color\">maisons de retraite <\/mark><\/li>\n\n\n\n<li>pack <mark style=\"background-color:rgba(0, 0, 0, 0)\" class=\"has-inline-color has-accent-color\">anniversaires<\/mark><\/li>\n\n\n\n<li><mark style=\"background-color:rgba(0, 0, 0, 0)\" class=\"has-inline-color has-accent-color\">f\u00eates m\u00e9di\u00e9vales \/ f\u00eates de village <\/mark><\/li>\n\n\n\n<li><mark style=\"background-color:rgba(0, 0, 0, 0)\" class=\"has-inline-color has-accent-color\">foires\/salons<\/mark> &#8230;<\/li>\n<\/ul>\n<\/div>\n<\/div>\n<\/div>\n<\/div>\n\n\n<div class=\"wp-block-image\">\n<figure class=\"aligncenter size-large is-resized\"><img loading=\"lazy\" decoding=\"async\" width=\"512\" height=\"240\" src=\"http:\/\/lesceau.fr\/wp-content\/uploads\/2020\/07\/unnamed.png\" alt=\"\" class=\"wp-image-14635\" style=\"width:186px;height:87px\" srcset=\"https:\/\/lesceau.fr\/wp-content\/uploads\/2020\/07\/unnamed.png 512w, https:\/\/lesceau.fr\/wp-content\/uploads\/2020\/07\/unnamed-350x164.png 350w, https:\/\/lesceau.fr\/wp-content\/uploads\/2020\/07\/unnamed-300x141.png 300w\" sizes=\"auto, (max-width: 512px) 100vw, 512px\" \/><\/figure>\n<\/div>\n\n\n<div class=\"wp-block-columns alignwide is-layout-flex wp-container-core-columns-is-layout-9d6595d7 wp-block-columns-is-layout-flex\">\n<div class=\"wp-block-column is-layout-flow wp-block-column-is-layout-flow\">\n<h2 class=\"wp-block-heading has-text-align-center has-accent-color has-text-color\">Animations Jeux en Bois : <\/h2>\n\n\n\n<p><\/p>\n\n\n\n<ul class=\"wp-block-list\">\n<li><a href=\"http:\/\/lesceau.fr\/index.php\/animation\/les-jeux-en-bois\/\">Autour des jeux en bois<\/a><\/li>\n\n\n\n<li><a href=\"http:\/\/lesceau.fr\/index.php\/le-coin-des-momes\/\">Le coin des m\u00f4mes<\/a><\/li>\n\n\n\n<li><a href=\"https:\/\/lesceau.fr\/index.php\/animation\/jeux-plateaux\/\">Initiation aux jeux de plateaux historiques<\/a><\/li>\n\n\n\n<li><a href=\"https:\/\/lesceau.fr\/index.php\/nos-packs-cle-en-main\/\">La for\u00eat des sens<\/a><\/li>\n\n\n\n<li><a href=\"https:\/\/lesceau.fr\/index.php\/la-carriole-a-jongler\/\">La carriole \u00e0 jongler<\/a><\/li>\n<\/ul>\n<\/div>\n\n\n\n<div class=\"wp-block-column is-layout-flow wp-block-column-is-layout-flow\"><\/div>\n\n\n\n<div class=\"wp-block-column is-layout-flow wp-block-column-is-layout-flow\">\n<h2 class=\"wp-block-heading has-text-align-center has-accent-color has-text-color\">Ateliers pour enfants : <\/h2>\n\n\n\n<p class=\"has-text-align-center\"><a href=\"https:\/\/lesceau.fr\/index.php\/les-ateliers\/\">Voici une liste non exhaustive de nos ateliers :<\/a><\/p>\n\n\n\n<ul class=\"wp-block-list\">\n<li>Initiation cotte de mailles m\u00e9di\u00e9vale<\/li>\n\n\n\n<li>Recyclage de papier<\/li>\n\n\n\n<li>La vie au moyen \u00e2ge<\/li>\n\n\n\n<li>R\u00e9alisation en argile suivant votre th\u00e8me<\/li>\n\n\n\n<li>Atelier cuir <\/li>\n\n\n\n<li>Bonhomme en rondin de bois<\/li>\n\n\n\n<li>Fabrique ton jeu en bois<\/li>\n\n\n\n<li>D\u00e9coration de No\u00ebl<\/li>\n\n\n\n<li>Autour du conte<\/li>\n<\/ul>\n\n\n\n<h3 class=\"wp-block-heading has-text-align-right\"><a href=\"https:\/\/lesceau.fr\/index.php\/les-ateliers\/\">En savoir plus<\/a><\/h3>\n<\/div>\n<\/div>\n\n\n\n<div class=\"wp-block-columns is-layout-flex wp-container-core-columns-is-layout-9d6595d7 wp-block-columns-is-layout-flex\"><\/div>\n","protected":false},"excerpt":{"rendered":"<p>Vous souhaitez un espace de d\u00e9tente et d&rsquo;amusement o\u00f9 petits et grands peuvent jouer en famille. Un cocon original et sur mesure d\u00e9cor\u00e9 selon le th\u00e8me de votre prestation, Le sceau a ce qu&rsquo;il vous faut ! Depuis 2019 et bas\u00e9 \u00e0 Marnaz 74, j&rsquo;ai cr\u00e9\u00e9 diff\u00e9rentes prestations afin de permettre au plus grand nombre se divertir ensemble et de passer un moment unique. Afin d&rsquo;animer tous vos \u00e9v\u00e9nements priv\u00e9s ou professionnels, je vous propose [&hellip;]<\/p>\n","protected":false},"author":1,"featured_media":0,"parent":0,"menu_order":0,"comment_status":"closed","ping_status":"closed","template":"","meta":{"footnotes":""},"class_list":["post-39","page","type-page","status-publish","hentry"],"yoast_head":"<!-- This site is optimized with the Yoast SEO plugin v27.4 - https:\/\/yoast.com\/product\/yoast-seo-wordpress\/ -->\n<title>L &#039;animation plus qu&#039;une passion, une vocation ! - Le Sceau<\/title>\n<meta name=\"robots\" content=\"index, follow, max-snippet:-1, max-image-preview:large, max-video-preview:-1\" \/>\n<link rel=\"canonical\" href=\"https:\/\/lesceau.fr\/index.php\/animation\/\" \/>\n<meta property=\"og:locale\" content=\"fr_FR\" \/>\n<meta property=\"og:type\" content=\"article\" \/>\n<meta property=\"og:title\" content=\"L &#039;animation plus qu&#039;une passion, une vocation ! - Le Sceau\" \/>\n<meta property=\"og:description\" content=\"Vous souhaitez un espace de d\u00e9tente et d&rsquo;amusement o\u00f9 petits et grands peuvent jouer en famille. Un cocon original et sur mesure d\u00e9cor\u00e9 selon le th\u00e8me de votre prestation, Le sceau a ce qu&rsquo;il vous faut ! Depuis 2019 et bas\u00e9 \u00e0 Marnaz 74, j&rsquo;ai cr\u00e9\u00e9 diff\u00e9rentes prestations afin de permettre au plus grand nombre se divertir ensemble et de passer un moment unique. Afin d&rsquo;animer tous vos \u00e9v\u00e9nements priv\u00e9s ou professionnels, je vous propose [&hellip;]\" \/>\n<meta property=\"og:url\" content=\"https:\/\/lesceau.fr\/index.php\/animation\/\" \/>\n<meta property=\"og:site_name\" content=\"Le Sceau\" \/>\n<meta property=\"article:publisher\" content=\"https:\/\/www.facebook.com\/Contact.lesceau\/\" \/>\n<meta property=\"article:modified_time\" content=\"2026-03-26T15:57:53+00:00\" \/>\n<meta property=\"og:image\" content=\"https:\/\/lesceau.fr\/wp-content\/uploads\/2020\/07\/unnamed.png\" \/>\n\t<meta property=\"og:image:width\" content=\"512\" \/>\n\t<meta property=\"og:image:height\" content=\"240\" \/>\n\t<meta property=\"og:image:type\" content=\"image\/png\" \/>\n<meta name=\"twitter:card\" content=\"summary_large_image\" \/>\n<meta name=\"twitter:label1\" content=\"Dur\u00e9e de lecture estim\u00e9e\" \/>\n\t<meta name=\"twitter:data1\" content=\"3 minutes\" \/>\n<script type=\"application\/ld+json\" class=\"yoast-schema-graph\">{\"@context\":\"https:\\\/\\\/schema.org\",\"@graph\":[{\"@type\":\"WebPage\",\"@id\":\"https:\\\/\\\/lesceau.fr\\\/index.php\\\/animation\\\/\",\"url\":\"https:\\\/\\\/lesceau.fr\\\/index.php\\\/animation\\\/\",\"name\":\"L 'animation plus qu'une passion, une vocation ! - Le Sceau\",\"isPartOf\":{\"@id\":\"https:\\\/\\\/lesceau.fr\\\/#website\"},\"primaryImageOfPage\":{\"@id\":\"https:\\\/\\\/lesceau.fr\\\/index.php\\\/animation\\\/#primaryimage\"},\"image\":{\"@id\":\"https:\\\/\\\/lesceau.fr\\\/index.php\\\/animation\\\/#primaryimage\"},\"thumbnailUrl\":\"http:\\\/\\\/lesceau.fr\\\/wp-content\\\/uploads\\\/2020\\\/07\\\/unnamed.png\",\"datePublished\":\"2019-03-18T10:39:59+00:00\",\"dateModified\":\"2026-03-26T15:57:53+00:00\",\"breadcrumb\":{\"@id\":\"https:\\\/\\\/lesceau.fr\\\/index.php\\\/animation\\\/#breadcrumb\"},\"inLanguage\":\"fr-FR\",\"potentialAction\":[{\"@type\":\"ReadAction\",\"target\":[\"https:\\\/\\\/lesceau.fr\\\/index.php\\\/animation\\\/\"]}]},{\"@type\":\"ImageObject\",\"inLanguage\":\"fr-FR\",\"@id\":\"https:\\\/\\\/lesceau.fr\\\/index.php\\\/animation\\\/#primaryimage\",\"url\":\"https:\\\/\\\/lesceau.fr\\\/wp-content\\\/uploads\\\/2020\\\/07\\\/unnamed.png\",\"contentUrl\":\"https:\\\/\\\/lesceau.fr\\\/wp-content\\\/uploads\\\/2020\\\/07\\\/unnamed.png\",\"width\":512,\"height\":240},{\"@type\":\"BreadcrumbList\",\"@id\":\"https:\\\/\\\/lesceau.fr\\\/index.php\\\/animation\\\/#breadcrumb\",\"itemListElement\":[{\"@type\":\"ListItem\",\"position\":1,\"name\":\"Accueil\",\"item\":\"https:\\\/\\\/lesceau.fr\\\/\"},{\"@type\":\"ListItem\",\"position\":2,\"name\":\"L &lsquo;animation plus qu&rsquo;une passion, une vocation !\"}]},{\"@type\":\"WebSite\",\"@id\":\"https:\\\/\\\/lesceau.fr\\\/#website\",\"url\":\"https:\\\/\\\/lesceau.fr\\\/\",\"name\":\"Le Sceau\",\"description\":\"Animations \u00e0 th\u00e8mes\",\"publisher\":{\"@id\":\"https:\\\/\\\/lesceau.fr\\\/#organization\"},\"alternateName\":\"Le sceau Animations\",\"potentialAction\":[{\"@type\":\"SearchAction\",\"target\":{\"@type\":\"EntryPoint\",\"urlTemplate\":\"https:\\\/\\\/lesceau.fr\\\/?s={search_term_string}\"},\"query-input\":{\"@type\":\"PropertyValueSpecification\",\"valueRequired\":true,\"valueName\":\"search_term_string\"}}],\"inLanguage\":\"fr-FR\"},{\"@type\":\"Organization\",\"@id\":\"https:\\\/\\\/lesceau.fr\\\/#organization\",\"name\":\"Le Sceau\",\"alternateName\":\"Le sceau animations\",\"url\":\"https:\\\/\\\/lesceau.fr\\\/\",\"logo\":{\"@type\":\"ImageObject\",\"inLanguage\":\"fr-FR\",\"@id\":\"https:\\\/\\\/lesceau.fr\\\/#\\\/schema\\\/logo\\\/image\\\/\",\"url\":\"https:\\\/\\\/lesceau.fr\\\/wp-content\\\/uploads\\\/2019\\\/03\\\/cropped-ESSAI-5.jpg\",\"contentUrl\":\"https:\\\/\\\/lesceau.fr\\\/wp-content\\\/uploads\\\/2019\\\/03\\\/cropped-ESSAI-5.jpg\",\"width\":412,\"height\":416,\"caption\":\"Le Sceau\"},\"image\":{\"@id\":\"https:\\\/\\\/lesceau.fr\\\/#\\\/schema\\\/logo\\\/image\\\/\"},\"sameAs\":[\"https:\\\/\\\/www.facebook.com\\\/Contact.lesceau\\\/\",\"https:\\\/\\\/instagram.com\\\/le.sceau?igshid=1nvgr38nzar\"]}]}<\/script>\n<!-- \/ Yoast SEO plugin. -->","yoast_head_json":{"title":"L 'animation plus qu'une passion, une vocation ! - Le Sceau","robots":{"index":"index","follow":"follow","max-snippet":"max-snippet:-1","max-image-preview":"max-image-preview:large","max-video-preview":"max-video-preview:-1"},"canonical":"https:\/\/lesceau.fr\/index.php\/animation\/","og_locale":"fr_FR","og_type":"article","og_title":"L 'animation plus qu'une passion, une vocation ! - Le Sceau","og_description":"Vous souhaitez un espace de d\u00e9tente et d&rsquo;amusement o\u00f9 petits et grands peuvent jouer en famille. Un cocon original et sur mesure d\u00e9cor\u00e9 selon le th\u00e8me de votre prestation, Le sceau a ce qu&rsquo;il vous faut ! Depuis 2019 et bas\u00e9 \u00e0 Marnaz 74, j&rsquo;ai cr\u00e9\u00e9 diff\u00e9rentes prestations afin de permettre au plus grand nombre se divertir ensemble et de passer un moment unique. Afin d&rsquo;animer tous vos \u00e9v\u00e9nements priv\u00e9s ou professionnels, je vous propose [&hellip;]","og_url":"https:\/\/lesceau.fr\/index.php\/animation\/","og_site_name":"Le Sceau","article_publisher":"https:\/\/www.facebook.com\/Contact.lesceau\/","article_modified_time":"2026-03-26T15:57:53+00:00","og_image":[{"width":512,"height":240,"url":"https:\/\/lesceau.fr\/wp-content\/uploads\/2020\/07\/unnamed.png","type":"image\/png"}],"twitter_card":"summary_large_image","twitter_misc":{"Dur\u00e9e de lecture estim\u00e9e":"3 minutes"},"schema":{"@context":"https:\/\/schema.org","@graph":[{"@type":"WebPage","@id":"https:\/\/lesceau.fr\/index.php\/animation\/","url":"https:\/\/lesceau.fr\/index.php\/animation\/","name":"L 'animation plus qu'une passion, une vocation ! - Le Sceau","isPartOf":{"@id":"https:\/\/lesceau.fr\/#website"},"primaryImageOfPage":{"@id":"https:\/\/lesceau.fr\/index.php\/animation\/#primaryimage"},"image":{"@id":"https:\/\/lesceau.fr\/index.php\/animation\/#primaryimage"},"thumbnailUrl":"http:\/\/lesceau.fr\/wp-content\/uploads\/2020\/07\/unnamed.png","datePublished":"2019-03-18T10:39:59+00:00","dateModified":"2026-03-26T15:57:53+00:00","breadcrumb":{"@id":"https:\/\/lesceau.fr\/index.php\/animation\/#breadcrumb"},"inLanguage":"fr-FR","potentialAction":[{"@type":"ReadAction","target":["https:\/\/lesceau.fr\/index.php\/animation\/"]}]},{"@type":"ImageObject","inLanguage":"fr-FR","@id":"https:\/\/lesceau.fr\/index.php\/animation\/#primaryimage","url":"https:\/\/lesceau.fr\/wp-content\/uploads\/2020\/07\/unnamed.png","contentUrl":"https:\/\/lesceau.fr\/wp-content\/uploads\/2020\/07\/unnamed.png","width":512,"height":240},{"@type":"BreadcrumbList","@id":"https:\/\/lesceau.fr\/index.php\/animation\/#breadcrumb","itemListElement":[{"@type":"ListItem","position":1,"name":"Accueil","item":"https:\/\/lesceau.fr\/"},{"@type":"ListItem","position":2,"name":"L &lsquo;animation plus qu&rsquo;une passion, une vocation !"}]},{"@type":"WebSite","@id":"https:\/\/lesceau.fr\/#website","url":"https:\/\/lesceau.fr\/","name":"Le Sceau","description":"Animations \u00e0 th\u00e8mes","publisher":{"@id":"https:\/\/lesceau.fr\/#organization"},"alternateName":"Le sceau Animations","potentialAction":[{"@type":"SearchAction","target":{"@type":"EntryPoint","urlTemplate":"https:\/\/lesceau.fr\/?s={search_term_string}"},"query-input":{"@type":"PropertyValueSpecification","valueRequired":true,"valueName":"search_term_string"}}],"inLanguage":"fr-FR"},{"@type":"Organization","@id":"https:\/\/lesceau.fr\/#organization","name":"Le Sceau","alternateName":"Le sceau animations","url":"https:\/\/lesceau.fr\/","logo":{"@type":"ImageObject","inLanguage":"fr-FR","@id":"https:\/\/lesceau.fr\/#\/schema\/logo\/image\/","url":"https:\/\/lesceau.fr\/wp-content\/uploads\/2019\/03\/cropped-ESSAI-5.jpg","contentUrl":"https:\/\/lesceau.fr\/wp-content\/uploads\/2019\/03\/cropped-ESSAI-5.jpg","width":412,"height":416,"caption":"Le Sceau"},"image":{"@id":"https:\/\/lesceau.fr\/#\/schema\/logo\/image\/"},"sameAs":["https:\/\/www.facebook.com\/Contact.lesceau\/","https:\/\/instagram.com\/le.sceau?igshid=1nvgr38nzar"]}]}},"_links":{"self":[{"href":"https:\/\/lesceau.fr\/index.php\/wp-json\/wp\/v2\/pages\/39","targetHints":{"allow":["GET"]}}],"collection":[{"href":"https:\/\/lesceau.fr\/index.php\/wp-json\/wp\/v2\/pages"}],"about":[{"href":"https:\/\/lesceau.fr\/index.php\/wp-json\/wp\/v2\/types\/page"}],"author":[{"embeddable":true,"href":"https:\/\/lesceau.fr\/index.php\/wp-json\/wp\/v2\/users\/1"}],"replies":[{"embeddable":true,"href":"https:\/\/lesceau.fr\/index.php\/wp-json\/wp\/v2\/comments?post=39"}],"version-history":[{"count":71,"href":"https:\/\/lesceau.fr\/index.php\/wp-json\/wp\/v2\/pages\/39\/revisions"}],"predecessor-version":[{"id":16322,"href":"https:\/\/lesceau.fr\/index.php\/wp-json\/wp\/v2\/pages\/39\/revisions\/16322"}],"wp:attachment":[{"href":"https:\/\/lesceau.fr\/index.php\/wp-json\/wp\/v2\/media?parent=39"}],"curies":[{"name":"wp","href":"https:\/\/api.w.org\/{rel}","templated":true}]}}