{"id":17647,"date":"2026-04-13T12:07:02","date_gmt":"2026-04-13T10:07:02","guid":{"rendered":"https:\/\/lesceau.fr\/?page_id=17647"},"modified":"2026-04-13T12:56:29","modified_gmt":"2026-04-13T10:56:29","slug":"peda","status":"publish","type":"page","link":"https:\/\/lesceau.fr\/index.php\/peda\/","title":{"rendered":"Animations p\u00e9dagogiques"},"content":{"rendered":"<div data-colibri-id=\"17647-c1\" class=\"style-912 style-local-17647-c1 position-relative\">\r\n  <!---->\r\n  <div data-colibri-component=\"section\" data-colibri-id=\"17647-c2\" id=\"custom\" class=\"h-section h-section-global-spacing d-flex align-items-lg-center align-items-md-center align-items-center style-916 style-local-17647-c2 position-relative\">\r\n    <!---->\r\n    <!---->\r\n    <div class=\"h-section-grid-container h-section-boxed-container\">\r\n      <!---->\r\n      <div data-colibri-id=\"17647-c3\" class=\"h-row-container gutters-row-lg-2 gutters-row-md-2 gutters-row-0 gutters-row-v-lg-2 gutters-row-v-md-2 gutters-row-v-2 style-917 style-local-17647-c3 position-relative\">\r\n        <!---->\r\n        <div class=\"h-row justify-content-lg-center justify-content-md-center justify-content-center align-items-lg-stretch align-items-md-stretch align-items-stretch gutters-col-lg-2 gutters-col-md-2 gutters-col-0 gutters-col-v-lg-2 gutters-col-v-md-2 gutters-col-v-2\">\r\n          <!---->\r\n          <div class=\"h-column h-column-container d-flex h-col-lg-auto h-col-md-auto h-col-auto style-918-outer style-local-17647-c4-outer\">\r\n            <div data-colibri-id=\"17647-c4\" class=\"d-flex h-flex-basis h-column__inner h-px-lg-2 h-px-md-2 h-px-2 v-inner-lg-2 v-inner-md-2 v-inner-2 style-918 style-local-17647-c4 position-relative\">\r\n              <!---->\r\n              <!---->\r\n              <div class=\"w-100 h-y-container h-column__content h-column__v-align flex-basis-100 align-self-lg-start align-self-md-start align-self-start\">\r\n                <!---->\r\n                <div data-colibri-id=\"17647-c5\" class=\"d-block style-919 style-local-17647-c5 position-relative h-element\">\r\n                  <!---->\r\n                  <div class=\"h-image__frame-container-outer\">\r\n                    <div class=\"h-image__frame-container\">\r\n                      <!---->\r\n                      <!---->\r\n                      <img loading=\"lazy\" decoding=\"async\" width=\"1600\" height=\"1131\" src=\"https:\/\/lesceau.fr\/wp-content\/uploads\/2026\/04\/WhatsApp-Image-2026-04-13-at-12.12.01.jpeg\" class=\"wp-image-17651 style-919-image style-local-17647-c5-image\" alt=\"\" srcset=\"https:\/\/lesceau.fr\/wp-content\/uploads\/2026\/04\/WhatsApp-Image-2026-04-13-at-12.12.01.jpeg 1600w, https:\/\/lesceau.fr\/wp-content\/uploads\/2026\/04\/WhatsApp-Image-2026-04-13-at-12.12.01-300x212.jpeg 300w, https:\/\/lesceau.fr\/wp-content\/uploads\/2026\/04\/WhatsApp-Image-2026-04-13-at-12.12.01-1024x724.jpeg 1024w, https:\/\/lesceau.fr\/wp-content\/uploads\/2026\/04\/WhatsApp-Image-2026-04-13-at-12.12.01-768x543.jpeg 768w, https:\/\/lesceau.fr\/wp-content\/uploads\/2026\/04\/WhatsApp-Image-2026-04-13-at-12.12.01-1536x1086.jpeg 1536w, https:\/\/lesceau.fr\/wp-content\/uploads\/2026\/04\/WhatsApp-Image-2026-04-13-at-12.12.01-350x247.jpeg 350w\" sizes=\"auto, (max-width: 1600px) 100vw, 1600px\" \/>\r\n                      <div class=\"h-image__frame h-hide-lg h-hide-md h-hide-sm style-919-frameImage style-local-17647-c5-frameImage\"><\/div>\r\n                    <\/div>\r\n                  <\/div>\r\n                <\/div>\r\n                <div data-colibri-id=\"17647-c6\" class=\"d-block style-920 style-local-17647-c6 position-relative h-element\">\r\n                  <!---->\r\n                  <div class=\"h-image__frame-container-outer\">\r\n                    <div class=\"h-image__frame-container\">\r\n                      <!---->\r\n                      <!---->\r\n                      <img loading=\"lazy\" decoding=\"async\" width=\"1600\" height=\"1131\" src=\"https:\/\/lesceau.fr\/wp-content\/uploads\/2026\/04\/WhatsApp-Image-2026-04-13-at-12.12.01-1.jpeg\" class=\"wp-image-17650 style-920-image style-local-17647-c6-image\" alt=\"\" srcset=\"https:\/\/lesceau.fr\/wp-content\/uploads\/2026\/04\/WhatsApp-Image-2026-04-13-at-12.12.01-1.jpeg 1600w, https:\/\/lesceau.fr\/wp-content\/uploads\/2026\/04\/WhatsApp-Image-2026-04-13-at-12.12.01-1-300x212.jpeg 300w, https:\/\/lesceau.fr\/wp-content\/uploads\/2026\/04\/WhatsApp-Image-2026-04-13-at-12.12.01-1-1024x724.jpeg 1024w, https:\/\/lesceau.fr\/wp-content\/uploads\/2026\/04\/WhatsApp-Image-2026-04-13-at-12.12.01-1-768x543.jpeg 768w, https:\/\/lesceau.fr\/wp-content\/uploads\/2026\/04\/WhatsApp-Image-2026-04-13-at-12.12.01-1-1536x1086.jpeg 1536w, https:\/\/lesceau.fr\/wp-content\/uploads\/2026\/04\/WhatsApp-Image-2026-04-13-at-12.12.01-1-350x247.jpeg 350w\" sizes=\"auto, (max-width: 1600px) 100vw, 1600px\" \/>\r\n                      <div class=\"h-image__frame h-hide-lg h-hide-md h-hide-sm style-920-frameImage style-local-17647-c6-frameImage\"><\/div>\r\n                    <\/div>\r\n                  <\/div>\r\n                <\/div>\r\n              <\/div>\r\n            <\/div>\r\n          <\/div>\r\n        <\/div>\r\n      <\/div>\r\n    <\/div>\r\n  <\/div>\r\n  <div data-colibri-component=\"section\" data-colibri-id=\"17647-c7\" id=\"custom-2\" class=\"h-section h-section-global-spacing d-flex align-items-lg-center align-items-md-center align-items-center style-943 style-local-17647-c7 position-relative\">\r\n    <!---->\r\n    <!---->\r\n    <div class=\"h-section-grid-container h-section-boxed-container\">\r\n      <!---->\r\n      <div data-colibri-id=\"17647-c8\" class=\"h-row-container gutters-row-lg-2 gutters-row-md-2 gutters-row-0 gutters-row-v-lg-2 gutters-row-v-md-2 gutters-row-v-2 style-944 style-local-17647-c8 position-relative\">\r\n        <!---->\r\n        <div class=\"h-row justify-content-lg-center justify-content-md-center justify-content-center align-items-lg-stretch align-items-md-stretch align-items-stretch gutters-col-lg-2 gutters-col-md-2 gutters-col-0 gutters-col-v-lg-2 gutters-col-v-md-2 gutters-col-v-2\">\r\n          <!---->\r\n          <div class=\"h-column h-column-container d-flex h-col-lg-auto h-col-md-auto h-col-auto style-945-outer style-local-17647-c9-outer\">\r\n            <div data-colibri-id=\"17647-c9\" class=\"d-flex h-flex-basis h-column__inner h-px-lg-2 h-px-md-2 h-px-2 v-inner-lg-2 v-inner-md-2 v-inner-2 style-945 style-local-17647-c9 position-relative\">\r\n              <!---->\r\n              <!---->\r\n              <div class=\"w-100 h-y-container h-column__content h-column__v-align flex-basis-100 align-self-lg-start align-self-md-start align-self-start\">\r\n                <!---->\r\n                <div data-colibri-id=\"17647-c10\" class=\"d-block style-946 style-local-17647-c10 position-relative h-element\">\r\n                  <!---->\r\n                  <div class=\"h-image__frame-container-outer\">\r\n                    <a href=\"https:\/\/www.lesceau.fr\" h-use-smooth-scroll=\"true\" class=\"image-link\">\r\n                      <div class=\"h-image__frame-container\">\r\n                        <!---->\r\n                        <!---->\r\n                        <img decoding=\"async\" src=\"https:\/\/lesceau.fr\/wp-content\/uploads\/2026\/03\/cropped-catalogue1-300x300.png\" class=\"style-946-image style-local-17647-c10-image\">\r\n                        <div class=\"h-image__frame h-hide-lg h-hide-md h-hide-sm style-946-frameImage style-local-17647-c10-frameImage\"><\/div>\r\n                      <\/div>\r\n                    <\/a>\r\n                  <\/div>\r\n                <\/div>\r\n              <\/div>\r\n            <\/div>\r\n          <\/div>\r\n        <\/div>\r\n      <\/div>\r\n    <\/div>\r\n  <\/div>\r\n<\/div>","protected":false},"excerpt":{"rendered":"","protected":false},"author":1,"featured_media":0,"parent":0,"menu_order":0,"comment_status":"closed","ping_status":"closed","template":"page-templates\/full-width-page.php","meta":{"footnotes":""},"class_list":["post-17647","page","type-page","status-publish","hentry"],"yoast_head":"<!-- This site is optimized with the Yoast SEO plugin v27.4 - https:\/\/yoast.com\/product\/yoast-seo-wordpress\/ -->\n<title>Animations p\u00e9dagogiques - Le Sceau Animations p\u00e9dagogiques historiques<\/title>\n<meta name=\"description\" content=\"Nos ateliers historiques pour enfants permettent de d\u00e9couvrir le pass\u00e9 de mani\u00e8re ludique et \u00e9ducative \u00e0 travers des activit\u00e9s immersives\" \/>\n<meta name=\"robots\" content=\"index, follow, max-snippet:-1, max-image-preview:large, max-video-preview:-1\" \/>\n<link rel=\"canonical\" href=\"https:\/\/lesceau.fr\/index.php\/peda\/\" \/>\n<meta property=\"og:locale\" content=\"fr_FR\" \/>\n<meta property=\"og:type\" content=\"article\" \/>\n<meta property=\"og:title\" content=\"Animations p\u00e9dagogiques - Le Sceau Animations p\u00e9dagogiques historiques\" \/>\n<meta property=\"og:description\" content=\"Nos ateliers historiques pour enfants permettent de d\u00e9couvrir le pass\u00e9 de mani\u00e8re ludique et \u00e9ducative \u00e0 travers des activit\u00e9s immersives\" \/>\n<meta property=\"og:url\" content=\"https:\/\/lesceau.fr\/index.php\/peda\/\" \/>\n<meta property=\"og:site_name\" content=\"Le Sceau\" \/>\n<meta property=\"article:publisher\" content=\"https:\/\/www.facebook.com\/Contact.lesceau\/\" \/>\n<meta property=\"article:modified_time\" content=\"2026-04-13T10:56:29+00:00\" \/>\n<meta property=\"og:image\" content=\"https:\/\/lesceau.fr\/wp-content\/uploads\/2026\/04\/WhatsApp-Image-2026-04-13-at-12.12.01.jpeg\" \/>\n\t<meta property=\"og:image:width\" content=\"1600\" \/>\n\t<meta property=\"og:image:height\" content=\"1131\" \/>\n\t<meta property=\"og:image:type\" content=\"image\/jpeg\" \/>\n<meta name=\"twitter:card\" content=\"summary_large_image\" \/>\n<meta name=\"twitter:label1\" content=\"Dur\u00e9e de lecture estim\u00e9e\" \/>\n\t<meta name=\"twitter:data1\" content=\"1 minute\" \/>\n<script type=\"application\/ld+json\" class=\"yoast-schema-graph\">{\"@context\":\"https:\\\/\\\/schema.org\",\"@graph\":[{\"@type\":\"WebPage\",\"@id\":\"https:\\\/\\\/lesceau.fr\\\/index.php\\\/peda\\\/\",\"url\":\"https:\\\/\\\/lesceau.fr\\\/index.php\\\/peda\\\/\",\"name\":\"Animations p\u00e9dagogiques - Le Sceau Animations p\u00e9dagogiques historiques\",\"isPartOf\":{\"@id\":\"https:\\\/\\\/lesceau.fr\\\/#website\"},\"primaryImageOfPage\":{\"@id\":\"https:\\\/\\\/lesceau.fr\\\/index.php\\\/peda\\\/#primaryimage\"},\"image\":{\"@id\":\"https:\\\/\\\/lesceau.fr\\\/index.php\\\/peda\\\/#primaryimage\"},\"thumbnailUrl\":\"https:\\\/\\\/lesceau.fr\\\/wp-content\\\/uploads\\\/2026\\\/04\\\/WhatsApp-Image-2026-04-13-at-12.12.01.jpeg\",\"datePublished\":\"2026-04-13T10:07:02+00:00\",\"dateModified\":\"2026-04-13T10:56:29+00:00\",\"description\":\"Nos ateliers historiques pour enfants permettent de d\u00e9couvrir le pass\u00e9 de mani\u00e8re ludique et \u00e9ducative \u00e0 travers des activit\u00e9s immersives\",\"breadcrumb\":{\"@id\":\"https:\\\/\\\/lesceau.fr\\\/index.php\\\/peda\\\/#breadcrumb\"},\"inLanguage\":\"fr-FR\",\"potentialAction\":[{\"@type\":\"ReadAction\",\"target\":[\"https:\\\/\\\/lesceau.fr\\\/index.php\\\/peda\\\/\"]}]},{\"@type\":\"ImageObject\",\"inLanguage\":\"fr-FR\",\"@id\":\"https:\\\/\\\/lesceau.fr\\\/index.php\\\/peda\\\/#primaryimage\",\"url\":\"https:\\\/\\\/lesceau.fr\\\/wp-content\\\/uploads\\\/2026\\\/04\\\/WhatsApp-Image-2026-04-13-at-12.12.01.jpeg\",\"contentUrl\":\"https:\\\/\\\/lesceau.fr\\\/wp-content\\\/uploads\\\/2026\\\/04\\\/WhatsApp-Image-2026-04-13-at-12.12.01.jpeg\",\"width\":1600,\"height\":1131},{\"@type\":\"BreadcrumbList\",\"@id\":\"https:\\\/\\\/lesceau.fr\\\/index.php\\\/peda\\\/#breadcrumb\",\"itemListElement\":[{\"@type\":\"ListItem\",\"position\":1,\"name\":\"Accueil\",\"item\":\"https:\\\/\\\/lesceau.fr\\\/\"},{\"@type\":\"ListItem\",\"position\":2,\"name\":\"Animations p\u00e9dagogiques\"}]},{\"@type\":\"WebSite\",\"@id\":\"https:\\\/\\\/lesceau.fr\\\/#website\",\"url\":\"https:\\\/\\\/lesceau.fr\\\/\",\"name\":\"Le Sceau\",\"description\":\"Animations \u00e0 th\u00e8mes\",\"publisher\":{\"@id\":\"https:\\\/\\\/lesceau.fr\\\/#organization\"},\"alternateName\":\"Le sceau Animations\",\"potentialAction\":[{\"@type\":\"SearchAction\",\"target\":{\"@type\":\"EntryPoint\",\"urlTemplate\":\"https:\\\/\\\/lesceau.fr\\\/?s={search_term_string}\"},\"query-input\":{\"@type\":\"PropertyValueSpecification\",\"valueRequired\":true,\"valueName\":\"search_term_string\"}}],\"inLanguage\":\"fr-FR\"},{\"@type\":\"Organization\",\"@id\":\"https:\\\/\\\/lesceau.fr\\\/#organization\",\"name\":\"Le Sceau\",\"alternateName\":\"Le sceau animations\",\"url\":\"https:\\\/\\\/lesceau.fr\\\/\",\"logo\":{\"@type\":\"ImageObject\",\"inLanguage\":\"fr-FR\",\"@id\":\"https:\\\/\\\/lesceau.fr\\\/#\\\/schema\\\/logo\\\/image\\\/\",\"url\":\"https:\\\/\\\/lesceau.fr\\\/wp-content\\\/uploads\\\/2019\\\/03\\\/cropped-ESSAI-5.jpg\",\"contentUrl\":\"https:\\\/\\\/lesceau.fr\\\/wp-content\\\/uploads\\\/2019\\\/03\\\/cropped-ESSAI-5.jpg\",\"width\":412,\"height\":416,\"caption\":\"Le Sceau\"},\"image\":{\"@id\":\"https:\\\/\\\/lesceau.fr\\\/#\\\/schema\\\/logo\\\/image\\\/\"},\"sameAs\":[\"https:\\\/\\\/www.facebook.com\\\/Contact.lesceau\\\/\",\"https:\\\/\\\/instagram.com\\\/le.sceau?igshid=1nvgr38nzar\"]}]}<\/script>\n<!-- \/ Yoast SEO plugin. -->","yoast_head_json":{"title":"Animations p\u00e9dagogiques - Le Sceau Animations p\u00e9dagogiques historiques","description":"Nos ateliers historiques pour enfants permettent de d\u00e9couvrir le pass\u00e9 de mani\u00e8re ludique et \u00e9ducative \u00e0 travers des activit\u00e9s immersives","robots":{"index":"index","follow":"follow","max-snippet":"max-snippet:-1","max-image-preview":"max-image-preview:large","max-video-preview":"max-video-preview:-1"},"canonical":"https:\/\/lesceau.fr\/index.php\/peda\/","og_locale":"fr_FR","og_type":"article","og_title":"Animations p\u00e9dagogiques - Le Sceau Animations p\u00e9dagogiques historiques","og_description":"Nos ateliers historiques pour enfants permettent de d\u00e9couvrir le pass\u00e9 de mani\u00e8re ludique et \u00e9ducative \u00e0 travers des activit\u00e9s immersives","og_url":"https:\/\/lesceau.fr\/index.php\/peda\/","og_site_name":"Le Sceau","article_publisher":"https:\/\/www.facebook.com\/Contact.lesceau\/","article_modified_time":"2026-04-13T10:56:29+00:00","og_image":[{"width":1600,"height":1131,"url":"https:\/\/lesceau.fr\/wp-content\/uploads\/2026\/04\/WhatsApp-Image-2026-04-13-at-12.12.01.jpeg","type":"image\/jpeg"}],"twitter_card":"summary_large_image","twitter_misc":{"Dur\u00e9e de lecture estim\u00e9e":"1 minute"},"schema":{"@context":"https:\/\/schema.org","@graph":[{"@type":"WebPage","@id":"https:\/\/lesceau.fr\/index.php\/peda\/","url":"https:\/\/lesceau.fr\/index.php\/peda\/","name":"Animations p\u00e9dagogiques - Le Sceau Animations p\u00e9dagogiques historiques","isPartOf":{"@id":"https:\/\/lesceau.fr\/#website"},"primaryImageOfPage":{"@id":"https:\/\/lesceau.fr\/index.php\/peda\/#primaryimage"},"image":{"@id":"https:\/\/lesceau.fr\/index.php\/peda\/#primaryimage"},"thumbnailUrl":"https:\/\/lesceau.fr\/wp-content\/uploads\/2026\/04\/WhatsApp-Image-2026-04-13-at-12.12.01.jpeg","datePublished":"2026-04-13T10:07:02+00:00","dateModified":"2026-04-13T10:56:29+00:00","description":"Nos ateliers historiques pour enfants permettent de d\u00e9couvrir le pass\u00e9 de mani\u00e8re ludique et \u00e9ducative \u00e0 travers des activit\u00e9s immersives","breadcrumb":{"@id":"https:\/\/lesceau.fr\/index.php\/peda\/#breadcrumb"},"inLanguage":"fr-FR","potentialAction":[{"@type":"ReadAction","target":["https:\/\/lesceau.fr\/index.php\/peda\/"]}]},{"@type":"ImageObject","inLanguage":"fr-FR","@id":"https:\/\/lesceau.fr\/index.php\/peda\/#primaryimage","url":"https:\/\/lesceau.fr\/wp-content\/uploads\/2026\/04\/WhatsApp-Image-2026-04-13-at-12.12.01.jpeg","contentUrl":"https:\/\/lesceau.fr\/wp-content\/uploads\/2026\/04\/WhatsApp-Image-2026-04-13-at-12.12.01.jpeg","width":1600,"height":1131},{"@type":"BreadcrumbList","@id":"https:\/\/lesceau.fr\/index.php\/peda\/#breadcrumb","itemListElement":[{"@type":"ListItem","position":1,"name":"Accueil","item":"https:\/\/lesceau.fr\/"},{"@type":"ListItem","position":2,"name":"Animations p\u00e9dagogiques"}]},{"@type":"WebSite","@id":"https:\/\/lesceau.fr\/#website","url":"https:\/\/lesceau.fr\/","name":"Le Sceau","description":"Animations \u00e0 th\u00e8mes","publisher":{"@id":"https:\/\/lesceau.fr\/#organization"},"alternateName":"Le sceau Animations","potentialAction":[{"@type":"SearchAction","target":{"@type":"EntryPoint","urlTemplate":"https:\/\/lesceau.fr\/?s={search_term_string}"},"query-input":{"@type":"PropertyValueSpecification","valueRequired":true,"valueName":"search_term_string"}}],"inLanguage":"fr-FR"},{"@type":"Organization","@id":"https:\/\/lesceau.fr\/#organization","name":"Le Sceau","alternateName":"Le sceau animations","url":"https:\/\/lesceau.fr\/","logo":{"@type":"ImageObject","inLanguage":"fr-FR","@id":"https:\/\/lesceau.fr\/#\/schema\/logo\/image\/","url":"https:\/\/lesceau.fr\/wp-content\/uploads\/2019\/03\/cropped-ESSAI-5.jpg","contentUrl":"https:\/\/lesceau.fr\/wp-content\/uploads\/2019\/03\/cropped-ESSAI-5.jpg","width":412,"height":416,"caption":"Le Sceau"},"image":{"@id":"https:\/\/lesceau.fr\/#\/schema\/logo\/image\/"},"sameAs":["https:\/\/www.facebook.com\/Contact.lesceau\/","https:\/\/instagram.com\/le.sceau?igshid=1nvgr38nzar"]}]}},"_links":{"self":[{"href":"https:\/\/lesceau.fr\/index.php\/wp-json\/wp\/v2\/pages\/17647","targetHints":{"allow":["GET"]}}],"collection":[{"href":"https:\/\/lesceau.fr\/index.php\/wp-json\/wp\/v2\/pages"}],"about":[{"href":"https:\/\/lesceau.fr\/index.php\/wp-json\/wp\/v2\/types\/page"}],"author":[{"embeddable":true,"href":"https:\/\/lesceau.fr\/index.php\/wp-json\/wp\/v2\/users\/1"}],"replies":[{"embeddable":true,"href":"https:\/\/lesceau.fr\/index.php\/wp-json\/wp\/v2\/comments?post=17647"}],"version-history":[{"count":4,"href":"https:\/\/lesceau.fr\/index.php\/wp-json\/wp\/v2\/pages\/17647\/revisions"}],"predecessor-version":[{"id":17709,"href":"https:\/\/lesceau.fr\/index.php\/wp-json\/wp\/v2\/pages\/17647\/revisions\/17709"}],"wp:attachment":[{"href":"https:\/\/lesceau.fr\/index.php\/wp-json\/wp\/v2\/media?parent=17647"}],"curies":[{"name":"wp","href":"https:\/\/api.w.org\/{rel}","templated":true}]}}